{"id":97,"date":"2009-10-09T15:17:45","date_gmt":"2009-10-09T13:17:45","guid":{"rendered":"http:\/\/www.bizcom24.de\/2\/hundetrainer-planer.de\/wp\/?page_id=97"},"modified":"2025-11-30T13:46:29","modified_gmt":"2025-11-30T12:46:29","slug":"rundenwettkampfe","status":"publish","type":"page","link":"https:\/\/www.gau-fuerstenfeldbruck.de\/?page_id=97","title":{"rendered":"Rundenwettk\u00e4mpfe"},"content":{"rendered":"<p style=\"text-align: center;\"><span style=\"text-decoration: underline; color: #ff0000; font-size: 18pt;\"><strong>Rundenwettk\u00e4mpfe 2025-26<\/strong><\/span><\/p>\n<h1 style=\"text-align: center;\"><span style=\"text-decoration: underline;\"><span style=\"font-size: 12pt;\">Die folgenden Seiten sind extern und \u00f6ffnen in einem neuen TAB oder neuen Seite<\/span><\/span><\/h1>\n<p style=\"text-align: center;\"><span style=\"font-size: 14pt; color: #008000;\">Hier ist der Bereich f\u00fcr die neue Online Rundenwettkampf Verwaltung und Anzeige<\/span><\/p>\n<p>&nbsp;<\/p>\n<div class=\"entry-content\">\n<div class=\"text-center\" style=\"margin-bottom: 60px;\">\n<h1 style=\"text-align: center;\">Online-Ergebnismeldung<\/h1>\n<p style=\"text-align: center;\"><a class=\"btn-sport\" href=\"https:\/\/www.rwk-onlinemelder.de\/online\/413\" target=\"_blank\" rel=\"noopener noreferrer\">RWK Online Melder<\/a><\/p>\n<\/div>\n<div class=\"row\">\n<div class=\"col-md-6\" style=\"margin-bottom: 60px; text-align: center;\">\n<h2>Luftgewehr<\/h2>\n<p><a class=\"btn-sport\" href=\"https:\/\/www.rwk-onlinemelder.de\/online\/listen\/413?sel_group_id=12&amp;sel_discipline_id=1&amp;sel_class_id=1&amp;showCombined=0\" target=\"_blank\" rel=\"noopener\">RWK Luftgewehr<\/a><\/p>\n<\/div>\n<div class=\"col-md-6 text-rechts\" style=\"margin-bottom: 60px; text-align: center;\">\n<h2>Luftpistole<\/h2>\n<p><a class=\"btn-sport\" href=\"https:\/\/www.rwk-onlinemelder.de\/online\/listen\/413?sel_group_id=13&amp;sel_discipline_id=2&amp;sel_class_id=16&amp;showCombined=0\" target=\"_blank\" rel=\"noopener\">RWK Luftpistole<\/a><\/p>\n<\/div>\n<div class=\"col-md-6\" style=\"margin-bottom: 60px; text-align: center;\">\n<h2>Luftgewehr \u2013 Auflage<\/h2>\n<p><a class=\"btn-sport\" href=\"https:\/\/www.rwk-onlinemelder.de\/online\/listen\/413?sel_group_id=14&amp;sel_discipline_id=3&amp;sel_class_id=21&amp;showCombined=0\" target=\"_blank\" rel=\"noopener\">RWK LG Auflage<\/a><\/p>\n<\/div>\n<div class=\"col-md-6 text-rechts\" style=\"margin-bottom: 60px;\">\n<h2 style=\"text-align: center;\">Luftpistole \u2013 Auflage<\/h2>\n<p style=\"text-align: center;\"><a class=\"btn-sport\" href=\"https:\/\/www.rwk-onlinemelder.de\/online\/listen\/413?sel_group_id=16&amp;sel_discipline_id=7&amp;sel_class_id=28&amp;showCombined=0\" target=\"_blank\" rel=\"noopener\">RWK LP Auflage<\/a><\/p>\n<p>&nbsp;<\/p>\n<h2 style=\"text-align: center;\">Jugend<\/h2>\n<p style=\"text-align: center;\"><a class=\"btn-sport\" href=\"https:\/\/www.rwk-onlinemelder.de\/online\/listen\/413?sel_group_id=15&amp;sel_discipline_id=4&amp;sel_class_id=23&amp;showCombined=0\" target=\"_blank\" rel=\"noopener\">RWK Jugend<\/a><\/p>\n<\/div>\n<\/div>\n<div class=\"text-center\" style=\"margin-bottom: 60px;\">\n<h1 style=\"text-align: center;\"><a href=\"https:\/\/www.rwk-onlinemelder.de\/online\/listen\/413\" target=\"_blank\" rel=\"noopener\"><strong><span style=\"font-size: 14pt;\">RWK-Ergebnisse und Tabellen mit Wettkampfpl\u00e4nen<\/span><\/strong><\/a><\/h1>\n<p style=\"text-align: center;\"><a href=\"https:\/\/www.rwk-onlinemelder.de\/planung\/club\/413\" target=\"_blank\" rel=\"noopener\"><strong>RWK-Mannschaftsverwaltung<\/strong><\/a><\/p>\n<\/div>\n<\/div>\n<p style=\"text-align: center;\">&#8212;<\/p>\n<p style=\"text-align: center;\"><span style=\"color: #0000ff;\"><span style=\"font-size: large;\"><strong><a style=\"color: #0000ff;\" title=\"RWK Ordnung Gau\" href=\"https:\/\/www.gau-fuerstenfeldbruck.de\/?page_id=1234\">RWK Ordnung Gau<\/a><\/strong><\/span><span style=\"font-size: large;\"><strong>\u00a0<\/strong><\/span><\/span><\/p>\n<p style=\"text-align: center;\"><span style=\"font-size: large; color: #0000ff;\"><strong><a style=\"color: #0000ff;\" title=\"RWK Ordnung BSSB\" href=\"https:\/\/www.gau-fuerstenfeldbruck.de\/?page_id=1028\">RWK Ordnung BSSB<\/a><\/strong><\/span><\/p>\n<p style=\"text-align: center;\">\n","protected":false},"excerpt":{"rendered":"<p>Rundenwettk\u00e4mpfe 2025-26 Die folgenden Seiten sind extern und \u00f6ffnen in einem neuen TAB oder neuen Seite Hier ist der Bereich f\u00fcr die neue Online Rundenwettkampf Verwaltung und Anzeige &nbsp; Online-Ergebnismeldung RWK Online Melder Luftgewehr RWK Luftgewehr Luftpistole RWK Luftpistole Luftgewehr \u2013 Auflage RWK LG Auflage Luftpistole \u2013 Auflage RWK LP Auflage &nbsp; Jugend RWK Jugend [&hellip;]<\/p>\n","protected":false},"author":1,"featured_media":0,"parent":0,"menu_order":30,"comment_status":"closed","ping_status":"closed","template":"","meta":[],"_links":{"self":[{"href":"https:\/\/www.gau-fuerstenfeldbruck.de\/index.php?rest_route=\/wp\/v2\/pages\/97"}],"collection":[{"href":"https:\/\/www.gau-fuerstenfeldbruck.de\/index.php?rest_route=\/wp\/v2\/pages"}],"about":[{"href":"https:\/\/www.gau-fuerstenfeldbruck.de\/index.php?rest_route=\/wp\/v2\/types\/page"}],"author":[{"embeddable":true,"href":"https:\/\/www.gau-fuerstenfeldbruck.de\/index.php?rest_route=\/wp\/v2\/users\/1"}],"replies":[{"embeddable":true,"href":"https:\/\/www.gau-fuerstenfeldbruck.de\/index.php?rest_route=%2Fwp%2Fv2%2Fcomments&post=97"}],"version-history":[{"count":89,"href":"https:\/\/www.gau-fuerstenfeldbruck.de\/index.php?rest_route=\/wp\/v2\/pages\/97\/revisions"}],"predecessor-version":[{"id":8256,"href":"https:\/\/www.gau-fuerstenfeldbruck.de\/index.php?rest_route=\/wp\/v2\/pages\/97\/revisions\/8256"}],"wp:attachment":[{"href":"https:\/\/www.gau-fuerstenfeldbruck.de\/index.php?rest_route=%2Fwp%2Fv2%2Fmedia&parent=97"}],"curies":[{"name":"wp","href":"https:\/\/api.w.org\/{rel}","templated":true}]}}