{"id":924,"date":"2009-10-14T15:49:38","date_gmt":"2009-10-14T13:49:38","guid":{"rendered":"http:\/\/localhost\/schuetzengau_ffb\/?page_id=924"},"modified":"2009-12-01T12:49:44","modified_gmt":"2009-12-01T10:49:44","slug":"kontakt","status":"publish","type":"page","link":"https:\/\/www.gau-fuerstenfeldbruck.de\/?page_id=924","title":{"rendered":"Kontakt"},"content":{"rendered":"<p><strong>Sch\u00fctzengau F\u00fcrstenfeldbruck im Bayerischen Sportsch\u00fctzenbund e.V. ( VR 413000 )<\/strong><\/p>\n<p>Wolfgang Dietrich (1. Gausch\u00fctzenmeister)<br \/>\nBuchenstrasse 16<br \/>\n82291 Mammendorf<br \/>\nDeutschland<\/p>\n<p>Fon: +49 (0)8145\/9953474<br \/>\nFax: +49 (0)8145\/951558<\/p>\n<p>E-Mail: <a href=\"mailto:gsm@gau-fuerstenfeldbruck.de\">gsm@gau-fuerstenfeldbruck.de<\/a><\/p>\n<p>Webmaster<\/p>\n<p>E-Mail: <a href=\"mailto:webmaster@gau-fuerstenfeldbruck.de\">webmaster@gau-fuerstenfeldbruck.de<\/a><\/p>\n","protected":false},"excerpt":{"rendered":"<p>Sch\u00fctzengau F\u00fcrstenfeldbruck im Bayerischen Sportsch\u00fctzenbund e.V. ( VR 413000 ) Wolfgang Dietrich (1. Gausch\u00fctzenmeister) Buchenstrasse 16 82291 Mammendorf Deutschland Fon: +49 (0)8145\/9953474 Fax: +49 (0)8145\/951558 E-Mail: gsm@gau-fuerstenfeldbruck.de Webmaster E-Mail: webmaster@gau-fuerstenfeldbruck.de<\/p>\n","protected":false},"author":1,"featured_media":0,"parent":0,"menu_order":150,"comment_status":"closed","ping_status":"closed","template":"","meta":[],"_links":{"self":[{"href":"https:\/\/www.gau-fuerstenfeldbruck.de\/index.php?rest_route=\/wp\/v2\/pages\/924"}],"collection":[{"href":"https:\/\/www.gau-fuerstenfeldbruck.de\/index.php?rest_route=\/wp\/v2\/pages"}],"about":[{"href":"https:\/\/www.gau-fuerstenfeldbruck.de\/index.php?rest_route=\/wp\/v2\/types\/page"}],"author":[{"embeddable":true,"href":"https:\/\/www.gau-fuerstenfeldbruck.de\/index.php?rest_route=\/wp\/v2\/users\/1"}],"replies":[{"embeddable":true,"href":"https:\/\/www.gau-fuerstenfeldbruck.de\/index.php?rest_route=%2Fwp%2Fv2%2Fcomments&post=924"}],"version-history":[{"count":4,"href":"https:\/\/www.gau-fuerstenfeldbruck.de\/index.php?rest_route=\/wp\/v2\/pages\/924\/revisions"}],"predecessor-version":[{"id":1351,"href":"https:\/\/www.gau-fuerstenfeldbruck.de\/index.php?rest_route=\/wp\/v2\/pages\/924\/revisions\/1351"}],"wp:attachment":[{"href":"https:\/\/www.gau-fuerstenfeldbruck.de\/index.php?rest_route=%2Fwp%2Fv2%2Fmedia&parent=924"}],"curies":[{"name":"wp","href":"https:\/\/api.w.org\/{rel}","templated":true}]}}