{"id":7767,"date":"2024-05-02T13:43:04","date_gmt":"2024-05-02T12:43:04","guid":{"rendered":"https:\/\/www.gau-fuerstenfeldbruck.de\/?page_id=7767"},"modified":"2026-03-27T16:16:48","modified_gmt":"2026-03-27T15:16:48","slug":"blumen","status":"publish","type":"page","link":"https:\/\/www.gau-fuerstenfeldbruck.de\/?page_id=7767","title":{"rendered":"Blumenschie\u00dfen"},"content":{"rendered":"<p style=\"text-align: center;\"><span style=\"font-size: 18pt; color: #ff0000;\"><strong><span style=\"text-decoration: underline;\">Blumenschie\u00dfen f\u00fcr die Damen im Gau FFB<\/span><\/strong><\/span><\/p>\n<p style=\"text-align: center;\">\n<p>&nbsp;<\/p>\n<p style=\"text-align: center;\"><span style=\"font-size: 14pt; color: #000000;\"><a style=\"color: #000000;\" href=\"https:\/\/www.gau-fuerstenfeldbruck.de\/wp-content\/uploads\/2025\/03\/Einladung-2.-Blumenschiessen.pdf\" target=\"_blank\" rel=\"noopener\"><strong>Einladung\u00a0 3. Blumenschie\u00dfen 2026 in FFB<\/strong><\/a><\/span><\/p>\n<p style=\"text-align: center;\"><span style=\"font-size: 18pt; color: #ff0000;\"><strong>Ergebnisse<\/strong><\/span><\/p>\n<p style=\"text-align: center;\"><span style=\"font-size: 14pt; color: #0000ff;\"><a style=\"color: #0000ff;\" href=\"https:\/\/www.gau-fuerstenfeldbruck.de\/wp-content\/uploads\/2025\/05\/Ergebnis_Frei-Blumenschiessen2025.pdf\" target=\"_blank\" rel=\"noopener\"><strong>2. Blumenschie\u00dfen 2025 in Oberschweinbach (Freie Klasse)<\/strong><\/a><\/span><\/p>\n<p style=\"text-align: center;\"><span style=\"font-size: 14pt; color: #0000ff;\"><a style=\"color: #0000ff;\" href=\"https:\/\/www.gau-fuerstenfeldbruck.de\/wp-content\/uploads\/2025\/05\/Ergebnis_Auflage-Blumenschiessen2025.pdf\" target=\"_blank\" rel=\"noopener\"><strong>2. Blumenschie\u00dfen 2025 in Oberschweinbach (Auflage)<\/strong><\/a><\/span><\/p>\n<p><a href=\"https:\/\/www.gau-fuerstenfeldbruck.de\/wp-content\/uploads\/2025\/05\/Blumen2025_GruppeHP.jpg\" target=\"_blank\" rel=\"noopener\"><img decoding=\"async\" loading=\"lazy\" class=\"https:\/\/www.gau-fuerstenfeldbruck.de\/wp-content\/uploads\/2025\/05\/Blumen2025_Gruppe1-scaled.jpg aligncenter\" src=\"https:\/\/www.gau-fuerstenfeldbruck.de\/wp-content\/uploads\/2025\/05\/Blumen2025_GruppeHP.jpg\" alt=\"GruppenfotoBlumen2025\" width=\"654\" height=\"197\" \/><\/a><\/p>\n<p style=\"text-align: center;\"><span style=\"font-size: 14pt; color: #0000ff;\"><a style=\"color: #0000ff;\" href=\"https:\/\/www.gau-fuerstenfeldbruck.de\/wp-content\/uploads\/2024\/05\/Blumenschiessen_2024_Ergebnisliste.pdf\" target=\"_blank\" rel=\"noopener\"><strong>1. Blumenschie\u00dfen 2024 in Olching<\/strong><\/a><\/span><\/p>\n","protected":false},"excerpt":{"rendered":"<p>Blumenschie\u00dfen f\u00fcr die Damen im Gau FFB &nbsp; Einladung\u00a0 3. Blumenschie\u00dfen 2026 in FFB Ergebnisse 2. Blumenschie\u00dfen 2025 in Oberschweinbach (Freie Klasse) 2. Blumenschie\u00dfen 2025 in Oberschweinbach (Auflage) 1. Blumenschie\u00dfen 2024 in Olching<\/p>\n","protected":false},"author":16,"featured_media":0,"parent":163,"menu_order":0,"comment_status":"closed","ping_status":"closed","template":"","meta":[],"_links":{"self":[{"href":"https:\/\/www.gau-fuerstenfeldbruck.de\/index.php?rest_route=\/wp\/v2\/pages\/7767"}],"collection":[{"href":"https:\/\/www.gau-fuerstenfeldbruck.de\/index.php?rest_route=\/wp\/v2\/pages"}],"about":[{"href":"https:\/\/www.gau-fuerstenfeldbruck.de\/index.php?rest_route=\/wp\/v2\/types\/page"}],"author":[{"embeddable":true,"href":"https:\/\/www.gau-fuerstenfeldbruck.de\/index.php?rest_route=\/wp\/v2\/users\/16"}],"replies":[{"embeddable":true,"href":"https:\/\/www.gau-fuerstenfeldbruck.de\/index.php?rest_route=%2Fwp%2Fv2%2Fcomments&post=7767"}],"version-history":[{"count":24,"href":"https:\/\/www.gau-fuerstenfeldbruck.de\/index.php?rest_route=\/wp\/v2\/pages\/7767\/revisions"}],"predecessor-version":[{"id":8351,"href":"https:\/\/www.gau-fuerstenfeldbruck.de\/index.php?rest_route=\/wp\/v2\/pages\/7767\/revisions\/8351"}],"up":[{"embeddable":true,"href":"https:\/\/www.gau-fuerstenfeldbruck.de\/index.php?rest_route=\/wp\/v2\/pages\/163"}],"wp:attachment":[{"href":"https:\/\/www.gau-fuerstenfeldbruck.de\/index.php?rest_route=%2Fwp%2Fv2%2Fmedia&parent=7767"}],"curies":[{"name":"wp","href":"https:\/\/api.w.org\/{rel}","templated":true}]}}