{"id":6,"date":"2009-08-12T16:10:53","date_gmt":"2009-08-12T14:10:53","guid":{"rendered":"http:\/\/www.bizcom24.de\/2\/hundetrainer-planer.de\/wp\/?page_id=6"},"modified":"2026-04-23T16:29:57","modified_gmt":"2026-04-23T15:29:57","slug":"home","status":"publish","type":"page","link":"https:\/\/www.gau-fuerstenfeldbruck.de\/","title":{"rendered":"Aktuelles"},"content":{"rendered":"<p>&nbsp;<\/p>\r\n\r\n<h1 style=\"font-family: Palace Script MT; font-size: 40px; color: #0000ff; text-align: center;\">Herzlich Willkommen<\/h1>\r\n<h1 style=\"font-family: Palace Script MT; font-size: 40px; color: #0000ff; text-align: center;\"><em>beim<\/em><\/h1>\r\n<h1 style=\"font-family: Palace Script MT; font-size: 40px; color: #0000ff; text-align: center;\"><em>Sch\u00fctzengau F\u00fcrstenfeldbruck<\/em><\/h1>\r\n<p style=\"text-align: center;\">\u00a0<\/p>\r\n<p style=\"text-align: center;\"><em><img decoding=\"async\" loading=\"lazy\" src=\"https:\/\/www.gau-fuerstenfeldbruck.de\/wp-content\/uploads\/2009\/11\/Gaufarbe.png\" alt=\"Gau F\u00fcrstenfeldbruck\" width=\"274\" height=\"373\" \/><\/em><\/p>\r\n<p>&nbsp;<\/p>\r\n<p>&nbsp;<\/p>\r\n<p style=\"text-align: center;\"><span style=\"font-size: 14pt;\">Blumenschie\u00dfen 2026: <a href=\"https:\/\/www.gau-fuerstenfeldbruck.de\/wp-content\/uploads\/2026\/03\/Einladung-3.-Blumenschiessen-2026.pdf\"><span style=\"color: #0000ff;\">Einladung online<\/span><\/a><\/span><\/p>\r\n<p style=\"text-align: center;\"><span style=\"font-size: 8pt;\">&#8212; 27.03.2026 &#8212;<\/span><\/p>\r\n<p style=\"text-align: center;\">\u00a0<\/p>\r\n<p style=\"text-align: center;\"><span style=\"font-size: 14pt;\">V\u00dcL-Grundkurs 2026 in FFB: <span style=\"color: #0000ff;\"><a style=\"color: #0000ff;\" href=\"https:\/\/www.gau-fuerstenfeldbruck.de\/wp-content\/uploads\/2026\/02\/2026-VUeL-Auschreibung-Gau-FFB.pdf\">Ausschreibung online<\/a><\/span><\/span><\/p>\r\n<p style=\"text-align: center;\"><span style=\"font-size: 8pt;\">&#8212; 02.02.2026 &#8212;<\/span><\/p>\r\n<p>&nbsp;<\/p>\r\n<p style=\"text-align: center;\"><span style=\"font-size: 14pt;\">V\u00dcL-Verl\u00e4ngerung 2026 in Oberschweinbach: <span style=\"color: #0000ff;\"><a style=\"color: #0000ff;\" href=\"https:\/\/www.gau-fuerstenfeldbruck.de\/wp-content\/uploads\/2026\/02\/2026-10-VUeL-Verl-Auschreibung-Gau-FFB.pdf\">Ausschreibung online<\/a><\/span><\/span><\/p>\r\n<p style=\"text-align: center;\"><span style=\"font-size: 8pt;\">&#8212; 02.02.2026 &#8212;<\/span><\/p>\r\n<p>&nbsp;<\/p>\r\n<p style=\"text-align: center;\"><span style=\"font-size: 18pt;\"><span style=\"font-size: 14pt;\">Spendenaktion Kinderhilfe FFB:\u00a0 <span style=\"color: #0000ff;\"><a style=\"color: #0000ff;\" href=\"https:\/\/www.gau-fuerstenfeldbruck.de\/wp-content\/uploads\/2025\/09\/Bild-Spende-Kinderhilfe.png\">Pressebericht<\/a><\/span><br \/><\/span><\/span><\/p>\r\n<p style=\"text-align: center;\"><span style=\"font-size: 18pt;\"><span style=\"font-size: 14pt;\"><span style=\"font-size: 8pt;\">&#8212; 19.09.2025 &#8212;<\/span><\/span><\/span><\/p>\r\n<p>&nbsp;<\/p>\r\n<p style=\"text-align: center;\"><span style=\"color: #ff6600;\"><strong><span style=\"font-size: 14pt;\">ZMI Info<\/span><\/strong><\/span><\/p>\r\n<p style=\"text-align: center;\"><a href=\"https:\/\/www.gau-fuerstenfeldbruck.de\/wp-content\/uploads\/2023\/01\/Rueckgabe-von-Schuetzenausweisen.pdf\"><strong><span style=\"font-size: 12pt;\"><span style=\"color: #ff6600;\">Rueckgabe-von-Schuetzenausweisen<\/span><\/span><\/strong><\/a><\/p>\r\n<p style=\"text-align: center;\">\u00a0<\/p>\r\n<hr \/>\r\n<p style=\"text-align: center;\">&#8211;<\/p>\r\n<p style=\"text-align: center;\"><a href=\"https:\/\/www.gau-fuerstenfeldbruck.de\/?page_id=5034\"><span style=\"text-decoration: underline;\"><strong><span style=\"font-size: medium;\">Datenschutzerkl\u00e4rung<\/span><\/strong><\/span><\/a><\/p>\r\n<p style=\"text-align: center;\">\u00a0<\/p>\r\n","protected":false},"excerpt":{"rendered":"<p>&nbsp; Herzlich Willkommen beim Sch\u00fctzengau F\u00fcrstenfeldbruck \u00a0 &nbsp; &nbsp; Blumenschie\u00dfen 2026: Einladung online &#8212; 27.03.2026 &#8212; \u00a0 V\u00dcL-Grundkurs 2026 in FFB: Ausschreibung online &#8212; 02.02.2026 &#8212; &nbsp; V\u00dcL-Verl\u00e4ngerung 2026 in Oberschweinbach: Ausschreibung online &#8212; 02.02.2026 &#8212; &nbsp; Spendenaktion Kinderhilfe FFB:\u00a0 Pressebericht &#8212; 19.09.2025 &#8212; &nbsp; ZMI Info Rueckgabe-von-Schuetzenausweisen \u00a0 &#8211; Datenschutzerkl\u00e4rung \u00a0<\/p>\n","protected":false},"author":2,"featured_media":0,"parent":0,"menu_order":10,"comment_status":"closed","ping_status":"closed","template":"","meta":[],"_links":{"self":[{"href":"https:\/\/www.gau-fuerstenfeldbruck.de\/index.php?rest_route=\/wp\/v2\/pages\/6"}],"collection":[{"href":"https:\/\/www.gau-fuerstenfeldbruck.de\/index.php?rest_route=\/wp\/v2\/pages"}],"about":[{"href":"https:\/\/www.gau-fuerstenfeldbruck.de\/index.php?rest_route=\/wp\/v2\/types\/page"}],"author":[{"embeddable":true,"href":"https:\/\/www.gau-fuerstenfeldbruck.de\/index.php?rest_route=\/wp\/v2\/users\/2"}],"replies":[{"embeddable":true,"href":"https:\/\/www.gau-fuerstenfeldbruck.de\/index.php?rest_route=%2Fwp%2Fv2%2Fcomments&post=6"}],"version-history":[{"count":1545,"href":"https:\/\/www.gau-fuerstenfeldbruck.de\/index.php?rest_route=\/wp\/v2\/pages\/6\/revisions"}],"predecessor-version":[{"id":8361,"href":"https:\/\/www.gau-fuerstenfeldbruck.de\/index.php?rest_route=\/wp\/v2\/pages\/6\/revisions\/8361"}],"wp:attachment":[{"href":"https:\/\/www.gau-fuerstenfeldbruck.de\/index.php?rest_route=%2Fwp%2Fv2%2Fmedia&parent=6"}],"curies":[{"name":"wp","href":"https:\/\/api.w.org\/{rel}","templated":true}]}}