{"id":5034,"date":"2018-05-22T18:34:50","date_gmt":"2018-05-22T17:34:50","guid":{"rendered":"http:\/\/www.gau-fuerstenfeldbruck.de\/?page_id=5034"},"modified":"2025-01-23T16:37:54","modified_gmt":"2025-01-23T15:37:54","slug":"datenschutzerklarung","status":"publish","type":"page","link":"https:\/\/www.gau-fuerstenfeldbruck.de\/?page_id=5034","title":{"rendered":"Datenschutzerkl\u00e4rung"},"content":{"rendered":"<h1>Datenschutzerkl\u00e4rung<\/h1>\n<p>Verantwortliche Stelle im Sinne der Datenschutzgesetze, insbesondere der EU-Datenschutzgrundverordnung (DSGVO), ist:<\/p>\n<p>Wolfgang Dietrich (1. Gausch\u00fctzenmeister)<br \/>\nBuchenstrasse 16<br \/>\n82291 Mammendorf<br \/>\nDeutschland<\/p>\n<p>Fon: +49 (0)8145\/9953474<br \/>\nFax: +49 (0)8145\/951558<\/p>\n<p>E-Mail: <a href=\"mailto:gsm@gau-fuerstenfeldbruck.de\">gsm@gau-fuerstenfeldbruck.de<\/a><\/p>\n<p>Als gemeinn\u00fctzige Organisation nehmen wir Bezug auf den Datenschutz des Bayerischen Sportsch\u00fctzenbundes BSSB<br \/>\nhttps:\/\/bssb.de\/datenschutzerklaerung.html<br \/>\nEmail: <span id=\"cloak61e28fe5847d08c57d8fabf80bfaa99b\"><a href=\"mailto:datenschutz@bssb.de\">datenschutz@bssb.de<\/a><\/span><\/p>\n<h2>Ihre Betroffenenrechte<\/h2>\n<p>Unter den angegebenen Kontaktdaten unseres Datenschutzbeauftragten k\u00f6nnen Sie jederzeit folgende Rechte aus\u00fcben:<\/p>\n<ul>\n<li>Auskunft \u00fcber Ihre bei uns gespeicherten Daten und deren Verarbeitung,<\/li>\n<li>Berichtigung unrichtiger personenbezogener Daten,<\/li>\n<li>L\u00f6schung Ihrer bei uns gespeicherten Daten,<\/li>\n<li>Einschr\u00e4nkung der Datenverarbeitung, sofern wir Ihre Daten aufgrund gesetzlicher Pflichten noch nicht l\u00f6schen d\u00fcrfen,<\/li>\n<li>Widerspruch gegen die Verarbeitung Ihrer Daten bei uns und<\/li>\n<li>Daten\u00fcbertragbarkeit, sofern Sie in die Datenverarbeitung eingewilligt haben oder einen Vertrag mit uns abgeschlossen haben.<\/li>\n<\/ul>\n<p>Sofern Sie uns eine Einwilligung erteilt haben, k\u00f6nnen Sie diese jederzeit mit Wirkung f\u00fcr die Zukunft widerrufen.<\/p>\n<p>Sie k\u00f6nnen sich jederzeit mit einer Beschwerde an die f\u00fcr Sie zust\u00e4ndige Aufsichtsbeh\u00f6rde wenden. Ihre zust\u00e4ndige Aufsichtsbeh\u00f6rde richtet sich nach dem Bundesland Ihres Wohnsitzes, Ihrer Arbeit oder der mutma\u00dflichen Verletzung. Eine Liste der Aufsichtsbeh\u00f6rden (f\u00fcr den nicht\u00f6ffentlichen Bereich) mit Anschrift finden Sie unter: <a href=\"https:\/\/www.bfdi.bund.de\/DE\/Infothek\/Anschriften_Links\/anschriften_links-node.html\" target=\"_blank\" rel=\"noopener\">https:\/\/www.bfdi.bund.de\/DE\/Infothek\/Anschriften_Links\/anschriften_links-node.html<\/a>.<\/p>\n<h2>Zwecke der Datenverarbeitung durch die verantwortliche Stelle und Dritte<\/h2>\n<p>Wir verarbeiten Ihre personenbezogenen Daten nur zu den in dieser Datenschutzerkl\u00e4rung genannten Zwecken. Eine \u00dcbermittlung Ihrer pers\u00f6nlichen Daten an Dritte zu anderen als den genannten Zwecken findet nicht statt. Wir geben Ihre pers\u00f6nlichen Daten nur an Dritte weiter, wenn:<\/p>\n<ul>\n<li>Sie Ihre ausdr\u00fcckliche Einwilligung dazu erteilt haben,<\/li>\n<li>die Verarbeitung zur Abwicklung eines Vertrags mit Ihnen erforderlich ist,<\/li>\n<li>die Verarbeitung zur Erf\u00fcllung einer rechtlichen Verpflichtung erforderlich ist,<\/li>\n<\/ul>\n<p>die Verarbeitung zur Wahrung berechtigter Interessen erforderlich ist und kein Grund zur Annahme besteht, dass Sie ein \u00fcberwiegendes schutzw\u00fcrdiges Interesse an der Nichtweitergabe Ihrer Daten haben.<\/p>\n<h2>L\u00f6schung bzw. Sperrung der Daten<\/h2>\n<p>Wir halten uns an die Grunds\u00e4tze der Datenvermeidung und Datensparsamkeit. Wir speichern Ihre personenbezogenen Daten daher nur so lange, wie dies zur Erreichung der hier genannten Zwecke erforderlich ist oder wie es die vom Gesetzgeber vorgesehenen vielf\u00e4ltigen Speicherfristen vorsehen. Nach Fortfall des jeweiligen Zweckes bzw. Ablauf dieser Fristen werden die entsprechenden Daten routinem\u00e4\u00dfig und entsprechend den gesetzlichen Vorschriften gesperrt oder gel\u00f6scht.<\/p>\n<h2>Erfassung allgemeiner Informationen beim Besuch unserer Website<\/h2>\n<p>Wenn Sie auf unsere Website zugreifen, werden automatisch mittels eines Cookies Informationen allgemeiner Natur erfasst. Diese Informationen (Server-Logfiles) beinhalten etwa die Art des Webbrowsers, das verwendete Betriebssystem, den Domainnamen Ihres Internet-Service-Providers und \u00e4hnliches. Hierbei handelt es sich ausschlie\u00dflich um Informationen, welche keine R\u00fcckschl\u00fcsse auf Ihre Person zulassen.<\/p>\n<p>Diese Informationen sind technisch notwendig, um von Ihnen angeforderte Inhalte von Webseiten korrekt auszuliefern und fallen bei Nutzung des Internets zwingend an. Sie werden insbesondere zu folgenden Zwecken verarbeitet:<\/p>\n<ul>\n<li>Sicherstellung eines problemlosen Verbindungsaufbaus der Website,<\/li>\n<li>Sicherstellung einer reibungslosen Nutzung unserer Website,<\/li>\n<li>Auswertung der Systemsicherheit und -stabilit\u00e4t sowie<\/li>\n<li>zu weiteren administrativen Zwecken.<\/li>\n<\/ul>\n<p>Die Verarbeitung Ihrer personenbezogenen Daten basiert auf unserem berechtigten Interesse aus den vorgenannten Zwecken zur Datenerhebung. Wir verwenden Ihre Daten nicht, um R\u00fcckschl\u00fcsse auf Ihre Person zu ziehen. Empf\u00e4nger der Daten sind nur die verantwortliche Stelle und ggf. Auftragsverarbeiter.<\/p>\n<p>Anonyme Informationen dieser Art werden von uns ggfs. statistisch ausgewertet, um unseren Internetauftritt und die dahinterstehende Technik zu optimieren.<\/p>\n<h2>Newsletter<\/h2>\n<p>Auf Grundlage Ihrer ausdr\u00fccklich erteilten Einwilligung, \u00fcbersenden wir Ihnen regelm\u00e4\u00dfig unseren Newsletter bzw. vergleichbare Informationen per E-Mail an Ihre angegebene E-Mail-Adresse.<\/p>\n<p>F\u00fcr den Empfang des Newsletters ist die Angabe Ihrer E-Mail-Adresse ausreichend. Bei der Anmeldung zum Bezug unseres Newsletters werden die von Ihnen angegebenen Daten ausschlie\u00dflich f\u00fcr diesen Zweck verwendet. Abonnenten k\u00f6nnen auch \u00fcber Umst\u00e4nde per E-Mail informiert werden, die f\u00fcr den Dienst oder die Registrierung relevant sind (Beispielsweise \u00c4nderungen des Newsletterangebots oder technische Gegebenheiten).<\/p>\n<p>F\u00fcr eine wirksame Registrierung ben\u00f6tigen wir eine valide E-Mail-Adresse. Um zu \u00fcberpr\u00fcfen, dass eine Anmeldung tats\u00e4chlich durch den Inhaber einer E-Mail-Adresse erfolgt, setzen wir das \u201eDouble-opt-in\u201c-Verfahren ein. Hierzu protokollieren wir die Bestellung des Newsletters, den Versand einer Best\u00e4tigungsmail und den Eingang der hiermit angeforderten Antwort. Weitere Daten werden nicht erhoben. Die Daten werden ausschlie\u00dflich f\u00fcr den Newsletterversand verwendet und nicht an Dritte weitergegeben.<\/p>\n<p>Die Einwilligung zur Speicherung Ihrer pers\u00f6nlichen Daten und ihrer Nutzung f\u00fcr den Newsletterversand k\u00f6nnen Sie jederzeit widerrufen. In jedem Newsletter findet sich dazu ein entsprechender Link. Au\u00dferdem k\u00f6nnen Sie sich jederzeit auch direkt auf dieser Webseite abmelden oder uns Ihren entsprechenden Wunsch \u00fcber die am Ende dieser Datenschutzhinweise angegebene Kontaktm\u00f6glichkeit mitteilen.<\/p>\n<h2>Kontaktformular<\/h2>\n<p>Treten Sie bzgl. Fragen jeglicher Art per E-Mail oder Kontaktformular mit uns in Kontakt, erteilen Sie uns zum Zwecke der Kontaktaufnahme Ihre freiwillige Einwilligung. Hierf\u00fcr ist die Angabe einer validen E-Mail-Adresse erforderlich. Diese dient der Zuordnung der Anfrage und der anschlie\u00dfenden Beantwortung derselben. Die Angabe weiterer Daten ist optional. Die von Ihnen gemachten Angaben werden zum Zwecke der Bearbeitung der Anfrage sowie f\u00fcr m\u00f6gliche Anschlussfragen gespeichert. Nach Erledigung der von Ihnen gestellten Anfrage werden personenbezogene Daten automatisch gel\u00f6scht.<\/p>\n<h2>Verwendung von Google Maps<\/h2>\n<p>Diese Webseite verwendet Google Maps API, um geographische Informationen visuell darzustellen. Bei der Nutzung von Google Maps werden von Google auch Daten \u00fcber die Nutzung der Kartenfunktionen durch Besucher erhoben, verarbeitet und genutzt. N\u00e4here Informationen \u00fcber die Datenverarbeitung durch Google k\u00f6nnen Sie <a href=\"http:\/\/www.google.com\/privacypolicy.html\" target=\"_blank\" rel=\"noopener\">den Google-Datenschutzhinweisen<\/a> entnehmen. Dort k\u00f6nnen Sie im Datenschutzcenter auch Ihre pers\u00f6nlichen Datenschutz-Einstellungen ver\u00e4ndern.<\/p>\n<p>Ausf\u00fchrliche Anleitungen zur Verwaltung der eigenen Daten im Zusammenhang mit Google-Produkten<a href=\"http:\/\/www.dataliberation.org\/\" target=\"_blank\" rel=\"noopener\"> finden Sie hier<\/a>.<\/p>\n<h2>Social Plugins<\/h2>\n<p>Wir bieten Ihnen auf unserer Webseite die M\u00f6glichkeit der Nutzung von sog. \u201eSocial-Media-Buttons\u201c an. Zum Schutze Ihrer Daten setzen wir bei der Implementierung auf die L\u00f6sung \u201eShariff\u201c. Hierdurch werden diese Buttons auf der Webseite lediglich als Grafik eingebunden, die eine Verlinkung auf die entsprechende Webseite des Button-Anbieters enth\u00e4lt. Durch Anklicken der Grafik werden Sie somit zu den Diensten der jeweiligen Anbieter weitergeleitet. Erst dann werden Ihre Daten an die jeweiligen Anbieter gesendet. Sofern Sie die Grafik nicht anklicken, findet keinerlei Austausch zwischen Ihnen und den Anbietern der Social-Media-Buttons statt. Informationen \u00fcber die Erhebung und Verwendung Ihrer Daten in den sozialen Netzwerken finden Sie in den jeweiligen Nutzungsbedingungen der entsprechenden Anbieter. Mehr Informationen zur Shariff-L\u00f6sung finden Sie hier: <a href=\"http:\/\/www.heise.de\/ct\/artikel\/Shariff-Social-Media-Buttons-mit-Datenschutz-2467514.html\" target=\"_blank\" rel=\"noopener\">http:\/\/www.heise.de\/ct\/artikel\/Shariff-Social-Media-Buttons-mit-Datenschutz-2467514.html<\/a><\/p>\n<p>Wir haben auf unserer Website die Social-Media-Buttons folgender Unternehmen eingebunden: Facebook, Instagram<\/p>\n<h2><strong>\u00c4nderung unserer Datenschutzbestimmungen<\/strong><\/h2>\n<p>Wir behalten uns vor, diese Datenschutzerkl\u00e4rung anzupassen, damit sie stets den aktuellen rechtlichen Anforderungen entspricht oder um \u00c4nderungen unserer Leistungen in der Datenschutzerkl\u00e4rung umzusetzen, z.B. bei der Einf\u00fchrung neuer Services. F\u00fcr Ihren erneuten Besuch gilt dann die neue Datenschutzerkl\u00e4rung.<\/p>\n<h2><strong>Fragen an den Datenschutzbeauftragten<\/strong><\/h2>\n<p>Wenn Sie Fragen zum Datenschutz haben, schreiben Sie uns bitte eine E-Mail oder wenden Sie sich direkt an die f\u00fcr den Datenschutz verantwortliche Person in unserer Organisation:<\/p>\n<p>Wolfgang Dietrich gsm@gau-fuerstenfeldbruck.de<\/p>\n<p><em>Die Datenschutzerkl\u00e4rung wurde mit dem <\/em><a href=\"https:\/\/www.activemind.de\/datenschutz\/datenschutzhinweis-generator\/\" target=\"_blank\" rel=\"noopener\"><em>Datenschutzerkl\u00e4rungs-Generator der activeMind AG erstellt<\/em><\/a><em>.<\/em><\/p>\n","protected":false},"excerpt":{"rendered":"<p>Datenschutzerkl\u00e4rung Verantwortliche Stelle im Sinne der Datenschutzgesetze, insbesondere der EU-Datenschutzgrundverordnung (DSGVO), ist: Wolfgang Dietrich (1. Gausch\u00fctzenmeister) Buchenstrasse 16 82291 Mammendorf Deutschland Fon: +49 (0)8145\/9953474 Fax: +49 (0)8145\/951558 E-Mail: gsm@gau-fuerstenfeldbruck.de Als gemeinn\u00fctzige Organisation nehmen wir Bezug auf den Datenschutz des Bayerischen Sportsch\u00fctzenbundes BSSB https:\/\/bssb.de\/datenschutzerklaerung.html Email: datenschutz@bssb.de Ihre Betroffenenrechte Unter den angegebenen Kontaktdaten unseres Datenschutzbeauftragten k\u00f6nnen Sie [&hellip;]<\/p>\n","protected":false},"author":2,"featured_media":0,"parent":0,"menu_order":190,"comment_status":"closed","ping_status":"closed","template":"","meta":[],"_links":{"self":[{"href":"https:\/\/www.gau-fuerstenfeldbruck.de\/index.php?rest_route=\/wp\/v2\/pages\/5034"}],"collection":[{"href":"https:\/\/www.gau-fuerstenfeldbruck.de\/index.php?rest_route=\/wp\/v2\/pages"}],"about":[{"href":"https:\/\/www.gau-fuerstenfeldbruck.de\/index.php?rest_route=\/wp\/v2\/types\/page"}],"author":[{"embeddable":true,"href":"https:\/\/www.gau-fuerstenfeldbruck.de\/index.php?rest_route=\/wp\/v2\/users\/2"}],"replies":[{"embeddable":true,"href":"https:\/\/www.gau-fuerstenfeldbruck.de\/index.php?rest_route=%2Fwp%2Fv2%2Fcomments&post=5034"}],"version-history":[{"count":6,"href":"https:\/\/www.gau-fuerstenfeldbruck.de\/index.php?rest_route=\/wp\/v2\/pages\/5034\/revisions"}],"predecessor-version":[{"id":7944,"href":"https:\/\/www.gau-fuerstenfeldbruck.de\/index.php?rest_route=\/wp\/v2\/pages\/5034\/revisions\/7944"}],"wp:attachment":[{"href":"https:\/\/www.gau-fuerstenfeldbruck.de\/index.php?rest_route=%2Fwp%2Fv2%2Fmedia&parent=5034"}],"curies":[{"name":"wp","href":"https:\/\/api.w.org\/{rel}","templated":true}]}}