{"id":4420,"date":"2017-01-04T21:34:33","date_gmt":"2017-01-04T20:34:33","guid":{"rendered":"http:\/\/www.gau-fuerstenfeldbruck.de\/?page_id=4420"},"modified":"2026-03-17T18:46:18","modified_gmt":"2026-03-17T17:46:18","slug":"konige","status":"publish","type":"page","link":"https:\/\/www.gau-fuerstenfeldbruck.de\/?page_id=4420","title":{"rendered":"K\u00f6nige"},"content":{"rendered":"<p style=\"text-align: center;\"><span style=\"color: #ff0000;\"><span style=\"font-size: x-large;\"><strong>Gau-Sch\u00fctzenk\u00f6nige<\/strong><\/span><\/span><\/p>\n<p style=\"text-align: center;\"><span style=\"color: #ff0000;\"><span style=\"font-size: 24px;\"><a style=\"text-align: center; color: #ff0000; text-transform: none; text-indent: 0px; letter-spacing: normal; font-style: normal; font-variant: normal; text-decoration: underline; word-spacing: 0px; white-space: normal; orphans: 2; -webkit-text-stroke-width: 0px; background-color: transparent;\" href=\"https:\/\/www.gau-fuerstenfeldbruck.de\/wp-content\/uploads\/2026\/03\/2026_GauKoenige.pdf\"><span style=\"font-size: large;\"><span style=\"font-size: x-large;\"><strong><span style=\"font-size: 12pt;\">Gau-K\u00f6nige 2026<\/span><\/strong><\/span><\/span><\/a><\/span><\/span><\/p>\n<p style=\"text-align: center;\"><span style=\"color: #0000ff;\"><span style=\"font-size: 24px;\"><a style=\"text-align: center; color: #0000ff; text-transform: none; text-indent: 0px; letter-spacing: normal; font-style: normal; font-variant: normal; text-decoration: underline; word-spacing: 0px; white-space: normal; orphans: 2; -webkit-text-stroke-width: 0px; background-color: transparent;\" href=\"https:\/\/www.gau-fuerstenfeldbruck.de\/wp-content\/uploads\/2025\/03\/2025_GauKoenige.pdf\"><span style=\"font-size: large;\"><span style=\"font-size: x-large;\"><strong><span style=\"font-size: 12pt;\">Gau-K\u00f6nige 2025<\/span><\/strong><\/span><\/span><\/a><\/span><\/span><\/p>\n<p style=\"text-align: center;\"><span style=\"color: #0000ff;\"><span style=\"font-size: 24px;\"><a style=\"text-align: center; color: #0000ff; text-transform: none; text-indent: 0px; letter-spacing: normal; font-style: normal; font-variant: normal; text-decoration: underline; word-spacing: 0px; white-space: normal; orphans: 2; -webkit-text-stroke-width: 0px; background-color: transparent;\" href=\"https:\/\/www.gau-fuerstenfeldbruck.de\/wp-content\/uploads\/2024\/03\/2024_GauKoenige.pdf\"><span style=\"font-size: large;\"><span style=\"font-size: x-large;\"><strong><span style=\"font-size: 12pt;\">Gau-K\u00f6nige 2024<\/span><\/strong><\/span><\/span><\/a><\/span><\/span><\/p>\n<p style=\"text-align: center;\"><span style=\"color: #0000ff; font-size: 12pt;\"><a style=\"color: #0000ff;\" href=\"https:\/\/www.gau-fuerstenfeldbruck.de\/wp-content\/uploads\/2020\/03\/Gauk\u00f6nige-2020.pdf\"><strong>Gau-K\u00f6nige 2020<\/strong><\/a><\/span><\/p>\n<p style=\"text-align: center;\"><span style=\"color: #0000ff;\"><strong><span style=\"font-size: 24px;\"><a style=\"text-align: center; text-transform: none; text-indent: 0px; letter-spacing: normal; font-style: normal; font-variant: normal; text-decoration: underline; word-spacing: 0px; white-space: normal; orphans: 2; -webkit-text-stroke-width: 0px; background-color: transparent; color: #0000ff;\" href=\"https:\/\/www.gau-fuerstenfeldbruck.de\/wp-content\/uploads\/2017\/01\/Gauk\u00f6nige-2019.pdf\"><span style=\"font-size: large;\"><span style=\"font-size: x-large;\"><span style=\"font-size: 12pt;\">Gau-K\u00f6nige 2019<\/span><\/span><\/span><\/a><\/span><\/strong><\/span><\/p>\n<p style=\"text-align: center;\"><span style=\"color: #0000ff;\"><strong><span style=\"font-size: 12pt;\"><a style=\"color: #0000ff;\" href=\"https:\/\/www.gau-fuerstenfeldbruck.de\/wp-content\/uploads\/2018\/05\/Gauk\u00f6nige-2018-Alle.pdf\">Gau-K\u00f6nige 2018<\/a><\/span><\/strong><\/span><\/p>\n<p style=\"text-align: center;\"><span style=\"color: #0000ff;\"><strong><span style=\"font-size: x-large;\"><a style=\"color: #0000ff;\" href=\"https:\/\/www.gau-fuerstenfeldbruck.de\/wp-content\/uploads\/2017\/01\/Gauk\u00f6nige-2017-1.pdf\" target=\"_blank\" rel=\"noopener noreferrer\"><span style=\"font-size: medium;\"><span style=\"font-size: 12pt;\">Gau-K\u00f6nige\u00a02017<\/span><\/span><\/a><\/span><\/strong><\/span><\/p>\n<p style=\"text-align: center;\"><span style=\"font-size: x-large;\"><strong>\u00a0<\/strong><\/span><\/p>\n","protected":false},"excerpt":{"rendered":"<p>Gau-Sch\u00fctzenk\u00f6nige Gau-K\u00f6nige 2026 Gau-K\u00f6nige 2025 Gau-K\u00f6nige 2024 Gau-K\u00f6nige 2020 Gau-K\u00f6nige 2019 Gau-K\u00f6nige 2018 Gau-K\u00f6nige\u00a02017 \u00a0<\/p>\n","protected":false},"author":2,"featured_media":0,"parent":137,"menu_order":50,"comment_status":"closed","ping_status":"closed","template":"","meta":[],"_links":{"self":[{"href":"https:\/\/www.gau-fuerstenfeldbruck.de\/index.php?rest_route=\/wp\/v2\/pages\/4420"}],"collection":[{"href":"https:\/\/www.gau-fuerstenfeldbruck.de\/index.php?rest_route=\/wp\/v2\/pages"}],"about":[{"href":"https:\/\/www.gau-fuerstenfeldbruck.de\/index.php?rest_route=\/wp\/v2\/types\/page"}],"author":[{"embeddable":true,"href":"https:\/\/www.gau-fuerstenfeldbruck.de\/index.php?rest_route=\/wp\/v2\/users\/2"}],"replies":[{"embeddable":true,"href":"https:\/\/www.gau-fuerstenfeldbruck.de\/index.php?rest_route=%2Fwp%2Fv2%2Fcomments&post=4420"}],"version-history":[{"count":27,"href":"https:\/\/www.gau-fuerstenfeldbruck.de\/index.php?rest_route=\/wp\/v2\/pages\/4420\/revisions"}],"predecessor-version":[{"id":8339,"href":"https:\/\/www.gau-fuerstenfeldbruck.de\/index.php?rest_route=\/wp\/v2\/pages\/4420\/revisions\/8339"}],"up":[{"embeddable":true,"href":"https:\/\/www.gau-fuerstenfeldbruck.de\/index.php?rest_route=\/wp\/v2\/pages\/137"}],"wp:attachment":[{"href":"https:\/\/www.gau-fuerstenfeldbruck.de\/index.php?rest_route=%2Fwp%2Fv2%2Fmedia&parent=4420"}],"curies":[{"name":"wp","href":"https:\/\/api.w.org\/{rel}","templated":true}]}}