{"id":3610,"date":"2015-01-07T20:33:49","date_gmt":"2015-01-07T19:33:49","guid":{"rendered":"http:\/\/www.gau-fuerstenfeldbruck.de\/?page_id=3610"},"modified":"2024-02-20T17:04:39","modified_gmt":"2024-02-20T16:04:39","slug":"ausbildung","status":"publish","type":"page","link":"https:\/\/www.gau-fuerstenfeldbruck.de\/?page_id=3610","title":{"rendered":"Ausbildung"},"content":{"rendered":"<p style=\"text-align: center;\"><span style=\"text-decoration: underline;\"><strong><span style=\"font-size: x-large;\">Ausbildung im Gau<\/span><\/strong><\/span><\/p>\n<p style=\"text-align: center;\"><span style=\"text-decoration: underline;\"><span style=\"font-size: large;\">Vereins\u00fcbungsleiter ( V\u00dcL )<\/span> <\/span><\/p>\n<p style=\"text-align: center;\">Der Lehrgang Vereins\u00fcbungsleiter ( V\u00dcL ) wird durch das Ausbildungsteam unter Leitung von <strong>Michael Kaunzinger<\/strong> <a href=\"mailto:kaunzinger@web.de\">kaunzinger@web.de<\/a> , zusammen mit Andrea Kunz <a href=\"mailto:andrea72.kunz@gmail.com\">andrea72.kunz@gmail.com<\/a> durchgef\u00fchrt.<\/p>\n<p style=\"text-align: center;\">Der Lehrgang ist verpflichtend f\u00fcr Jugendleiter, er beh\u00e4lt <strong>4 Jahre<\/strong> seine <strong>G\u00fcltigkeit<\/strong> und muss dann durch eine Nachschulung wieder verl\u00e4ngert werden<strong>.<\/strong><\/p>\n<p style=\"text-align: center;\">Der Lehrgang beinhaltet:<\/p>\n<p style=\"text-align: center;\">&#8211; Kinder und Jugendarbeit im Verein<\/p>\n<p style=\"text-align: center;\">&#8211;\u00a0 Sportordnung, Allgemein<\/p>\n<p style=\"text-align: center;\">&#8211; Standaufsicht<\/p>\n<p style=\"text-align: center;\">&#8211; Luftpistole Theorie\/Praxis<\/p>\n<p style=\"text-align: center;\">&#8211; Luftgewehr Theorie\/Praxis<\/p>\n<p style=\"text-align: center;\">&#8211; Luftgewehr-Drei-Stellung<\/p>\n<p align=\"center\"><span style=\"text-decoration: underline;\"><strong>Voraussetzungen zur Teilnahme am V\u00dcL-Kurs:<\/strong><\/span><\/p>\n<p style=\"text-align: left;\">VORLAGE des erweiterten F\u00fchrungszeugnisses<br \/>\nMindestens Alter: <strong>18 Jahre alt<\/strong><br \/>\nZuverl\u00e4ssig ( gem\u00e4\u00df \u00a7 5 des Waffengesetzes) = Jeder mindestens 18-j\u00e4hriger unbescholtene, gesch\u00e4ftsf\u00e4hige B\u00fcrger, der mit Waffen und Munition umgehen und sie sorgf\u00e4ltig verwahren kann, nicht wegen einer Straftat bzw. Verbrechens zu einer Freiheitsstrafe, Jugendstrafe, Geldstrafe von mindestens 60 Tagess\u00e4tzen rechtskr\u00e4ftig verurteilt wurde, keinem verbotenem Verein bzw. Partei angeh\u00f6rte bzw. angeh\u00f6rt und der nicht gegen die verfassungsm\u00e4\u00dfige Ordnung oder gegen den Gedanken der V\u00f6lkerverst\u00e4ndigung versto\u00dfen hat bzw. verst\u00f6\u00dft und nicht drogenabh\u00e4ngig ist, gilt als zuverl\u00e4ssig.<br \/>\nSachkundig:\u00a0 Jeder Teilnehmer der mind. <strong>18 Monate<\/strong> Mitglied eines des BSSB angeh\u00f6rigen Vereins ist und eine Schie\u00dfleiter-Ausbildung (<strong>Standaufsicht<\/strong>) von sechs Unterrichtseinheiten f\u00fcr Luftdruckwaffen absolviert hat.<\/p>\n<p style=\"text-align: center;\"><span style=\"text-decoration: underline;\">Anmeldung und Termine werden auf den aktuellen Terminseiten und der <a href=\"https:\/\/www.gau-fuerstenfeldbruck.de\/?page_id=151\">Formularseite <\/a>zu Verf\u00fcgung gestellt.<\/span><\/p>\n<p style=\"text-align: center;\"><span style=\"text-decoration: underline;\">\u00a0<\/span><\/p>\n<p style=\"text-align: center;\"><span style=\"text-decoration: underline;\"><span style=\"font-size: large;\">Standaufsichtenlehrgang<\/span><\/span><\/p>\n<p style=\"text-align: center;\">Der Lehrgang Qualifizierung f\u00fcr Standaufsichten wird durch <a href=\"..\/?page_id=139\">Andrea Kunz<\/a> durchgef\u00fchrt.<\/p>\n<p style=\"text-align: center;\">Der Lehrgang beinhaltet:<\/p>\n<p style=\"text-align: center;\">&#8211; Aufgaben der Aufsichtsperson<\/p>\n<p style=\"text-align: center;\">&#8211; Waffenrechtliche Vorschriften<\/p>\n<p style=\"text-align: center;\">&#8211; Schiessstandordnung<\/p>\n<p style=\"text-align: center;\">&#8211; Sportordnung<\/p>\n<p style=\"text-align: center;\">&#8211; Aufbewahrung von Schusswaffen<\/p>\n<p style=\"text-align: center;\"><span style=\"text-decoration: underline;\">Anmeldung und Termine werden auf den aktuellen Terminseiten und der <a href=\"..\/?page_id=151\">Formularseite <\/a>zu Verf\u00fcgung gestellt.<\/span><\/p>\n<p style=\"text-align: center;\"><span style=\"text-decoration: underline;\"><span style=\"font-size: large;\">Waffensachkundepr\u00fcfung<\/span><\/span><\/p>\n<p style=\"text-align: center;\">Die Waffensachkundepr\u00fcfung wird ben\u00f6tigt f\u00fcr den Besitz und Transport von Anmeldepflichtigen Waffen<\/p>\n<p style=\"text-align: center;\">die Schulung wird bei Bedarf durch den Referenten Waffenrecht<\/p>\n<p style=\"text-align: center;\">&#8222;Z.Z. nicht Besetzt&#8220; durchgef\u00fchrt oder vermittelt.<\/p>\n","protected":false},"excerpt":{"rendered":"<p>Ausbildung im Gau Vereins\u00fcbungsleiter ( V\u00dcL ) Der Lehrgang Vereins\u00fcbungsleiter ( V\u00dcL ) wird durch das Ausbildungsteam unter Leitung von Michael Kaunzinger kaunzinger@web.de , zusammen mit Andrea Kunz andrea72.kunz@gmail.com durchgef\u00fchrt. Der Lehrgang ist verpflichtend f\u00fcr Jugendleiter, er beh\u00e4lt 4 Jahre seine G\u00fcltigkeit und muss dann durch eine Nachschulung wieder verl\u00e4ngert werden. Der Lehrgang beinhaltet: &#8211; [&hellip;]<\/p>\n","protected":false},"author":2,"featured_media":0,"parent":137,"menu_order":80,"comment_status":"closed","ping_status":"closed","template":"","meta":[],"_links":{"self":[{"href":"https:\/\/www.gau-fuerstenfeldbruck.de\/index.php?rest_route=\/wp\/v2\/pages\/3610"}],"collection":[{"href":"https:\/\/www.gau-fuerstenfeldbruck.de\/index.php?rest_route=\/wp\/v2\/pages"}],"about":[{"href":"https:\/\/www.gau-fuerstenfeldbruck.de\/index.php?rest_route=\/wp\/v2\/types\/page"}],"author":[{"embeddable":true,"href":"https:\/\/www.gau-fuerstenfeldbruck.de\/index.php?rest_route=\/wp\/v2\/users\/2"}],"replies":[{"embeddable":true,"href":"https:\/\/www.gau-fuerstenfeldbruck.de\/index.php?rest_route=%2Fwp%2Fv2%2Fcomments&post=3610"}],"version-history":[{"count":19,"href":"https:\/\/www.gau-fuerstenfeldbruck.de\/index.php?rest_route=\/wp\/v2\/pages\/3610\/revisions"}],"predecessor-version":[{"id":7683,"href":"https:\/\/www.gau-fuerstenfeldbruck.de\/index.php?rest_route=\/wp\/v2\/pages\/3610\/revisions\/7683"}],"up":[{"embeddable":true,"href":"https:\/\/www.gau-fuerstenfeldbruck.de\/index.php?rest_route=\/wp\/v2\/pages\/137"}],"wp:attachment":[{"href":"https:\/\/www.gau-fuerstenfeldbruck.de\/index.php?rest_route=%2Fwp%2Fv2%2Fmedia&parent=3610"}],"curies":[{"name":"wp","href":"https:\/\/api.w.org\/{rel}","templated":true}]}}