{"id":2746,"date":"2012-10-16T11:00:49","date_gmt":"2012-10-16T10:00:49","guid":{"rendered":"http:\/\/www.gau-fuerstenfeldbruck.de\/?page_id=2746"},"modified":"2026-01-08T19:55:02","modified_gmt":"2026-01-08T18:55:02","slug":"oktoberfest-landesschiesen","status":"publish","type":"page","link":"https:\/\/www.gau-fuerstenfeldbruck.de\/?page_id=2746","title":{"rendered":"Oktoberfest Landesschie\u00dfen"},"content":{"rendered":"<p style=\"text-align: center;\"><span style=\"font-size: 14pt;\"><strong><span style=\"color: #000000;\"><a href=\"http:\/\/www.oktoberfestschiessen.de\/\"><span style=\"color: #ff0000;\">Weiterleitung auf Oktoberfest Landesschie\u00dfen <\/span><\/a><span style=\"color: #ff0000;\">!<\/span><\/span><\/strong><\/span><\/p>\n<p style=\"text-align: center;\"><span style=\"font-size: large;\"><a href=\"https:\/\/www.gau-fuerstenfeldbruck.de\/wp-content\/uploads\/2023\/10\/2023-OLS-Medaillen.pdf\"><strong><span style=\"color: #0000ff;\">OLS-Medaillen<\/span><\/strong><\/a><br \/>\n<\/span><\/p>\n<p>_<\/p>\n<p align=\"center\"><span style=\"color: #000000;\"><span style=\"font-size: large;\"><strong><span style=\"color: #0000ff;\">Platzierungen der <span style=\"text-decoration: underline;\">LP-Gau-Mannschaften<\/span> ab 2007<\/span><\/strong> <span style=\"font-size: 8pt;\">(Stand : Januar 2026)<\/span><\/span><\/span><\/p>\n<table style=\"height: 48px; width: 150.037%; border-collapse: collapse; border-style: inset;\">\n<tbody>\n<tr style=\"height: 24px;\">\n<td style=\"width: 4.55852%; height: 24px; background-color: #919191; border-style: solid; border-color: #000000; text-align: center;\"><strong>Jahr<\/strong><\/td>\n<td style=\"height: 24px; background-color: #919191; border-style: solid; border-color: #000000; width: 10.6805%;\"><strong>Da.\/He. III+IV+V<\/strong><\/td>\n<td style=\"width: 6.65351%; background-color: #919191; border-style: solid; border-color: #000000; height: 24px; text-align: left;\"><strong>Teilnehmer\u00a0<\/strong><\/td>\n<td style=\"width: 5.85459%; height: 24px; background-color: #919191; border-style: solid; border-color: #000000; text-align: center;\"><strong>OLS-Medalie<\/strong><\/td>\n<td style=\"width: 0.570451%; border-style: solid; height: 48px; text-align: center;\" rowspan=\"2\"><strong>\u00a0<\/strong><\/td>\n<td style=\"height: 24px; background-color: #919191; border-style: solid; border-color: #000000; width: 10.4308%; text-align: left;\"><strong>LP Auflage<\/strong><\/td>\n<td style=\"background-color: #919191; border-style: solid; border-color: #000000; width: 7.26605%; height: 24px; text-align: left;\"><strong>Teilnehmer<\/strong><\/td>\n<td style=\"width: 0.570451%; border-style: solid; height: 48px; text-align: center;\" rowspan=\"2\"><\/td>\n<td style=\"height: 24px; background-color: #919191; border-style: solid; border-color: #000000; width: 11.9045%;\"><strong>Da.\/He. I+III+Jun.I<\/strong><\/td>\n<td style=\"width: 2.67635%; background-color: #919191; border-style: solid; border-color: #000000; height: 24px; text-align: left;\"><strong>Teilnehmer<\/strong><\/td>\n<td style=\"width: 0.570451%; height: 48px;\" rowspan=\"2\"><\/td>\n<td style=\"height: 24px; background-color: #919191; border-style: solid; border-color: #000000; width: 16.8573%;\"><strong>Sch\u00fcler + Jug + Jun.II<\/strong><\/td>\n<td style=\"width: 3.72246%; background-color: #919191; border-style: solid; border-color: #000000; height: 24px; text-align: left;\"><strong>Teilnehmer<\/strong><\/td>\n<\/tr>\n<tr style=\"height: 24px;\">\n<td style=\"width: 4.55852%; border-style: solid; border-color: #000000; height: 24px; text-align: center;\"><strong>2025<\/strong><\/td>\n<td style=\"width: 10.6805%; border-style: solid; border-color: #000000; height: 24px;\">4.Platz + 19.Platz<\/td>\n<td style=\"width: 6.65351%; border-style: solid; border-color: #000000; height: 24px;\">10 Sch\u00fctzen<\/td>\n<td style=\"width: 5.85459%; border-style: solid; border-color: #000000; height: 24px; text-align: center;\">keine<\/td>\n<td style=\"width: 10.4308%; border-style: solid; border-color: #000000; height: 24px;\">6.Platz + 10.Platz<\/td>\n<td style=\"width: 7.26605%; border-style: solid; border-color: #000000; height: 24px;\">10 Sch\u00fctzen<\/td>\n<td style=\"width: 11.9045%; border-style: solid; border-color: #000000; height: 24px;\">13.Platz<\/td>\n<td style=\"width: 2.67635%; border-style: solid; border-color: #000000; height: 24px;\">8 Sch\u00fctzen<\/td>\n<td style=\"width: 16.8573%; border-style: solid; border-color: #000000; height: 24px;\">15.Platz<\/td>\n<td style=\"width: 3.72246%; border-style: solid; border-color: #000000; height: 24px;\">2 Sch\u00fctzen<\/td>\n<\/tr>\n<\/tbody>\n<\/table>\n<p>&nbsp;<\/p>\n<table style=\"height: 499px; width: 110%; border-collapse: collapse; border-style: solid; border-color: #000000; background-color: #fcfcfc;\">\n<tbody>\n<tr>\n<td style=\"width: 7.16889%; background-color: #919191; border-style: solid; border-color: #000000; text-align: center;\"><strong>Jahr\u00a0<\/strong><\/td>\n<td style=\"background-color: #919191; border-style: solid; border-color: #000000; width: 37.9225%;\" colspan=\"2\"><strong>alters\/senioren-Klasse Sch\u00fctzen<\/strong><\/td>\n<td style=\"width: 9.43433%; background-color: #919191; border-style: solid; border-color: #000000; text-align: center;\"><strong>OLS-Medallie<\/strong><\/td>\n<td style=\"width: 0.777605%; background-color: #ffffff; border-style: solid; border-color: #000000; height: 194px; text-align: center;\" rowspan=\"8\"><\/td>\n<td style=\"background-color: #919191; border-style: solid; border-color: #000000; width: 33.4326%;\" colspan=\"2\"><strong>Aufgelegt_Klasse (seit 2017)<\/strong><\/td>\n<td style=\"width: 109.703%; background-color: #919191; border-style: solid; border-color: #000000; text-align: center;\"><strong>OLS-Medallie<\/strong><\/td>\n<\/tr>\n<tr style=\"height: 24px;\">\n<td style=\"width: 7.16889%; border-style: solid; border-color: #000000; height: 24px; text-align: center;\"><strong>2024<\/strong><\/td>\n<td style=\"width: 24.0312%; border-style: solid; border-color: #000000; height: 24px;\">2.Platz + 12.Platz<\/td>\n<td style=\"width: 13.8913%; border-style: solid; border-color: #000000; height: 24px;\">14 Sch\u00fctzen<\/td>\n<td style=\"width: 9.43433%; border-style: solid; border-color: #000000; height: 24px;\">Oliver Sperl<\/td>\n<td style=\"width: 20.6213%; border-style: solid; border-color: #000000; height: 24px;\">5.Platz + 24.Platz<\/td>\n<td style=\"width: 12.8113%; border-style: solid; border-color: #000000; height: 24px;\">8 Sch\u00fctzen<\/td>\n<td style=\"width: 109.703%; border-style: solid; border-color: #000000; height: 24px;\"><\/td>\n<\/tr>\n<tr style=\"height: 24px;\">\n<td style=\"width: 7.16889%; height: 24px; border-style: solid; border-color: #000000; text-align: center;\"><strong>2023<\/strong><\/td>\n<td style=\"width: 24.0312%; height: 24px; border-style: solid; border-color: #000000;\">2.Platz + 10.Platz<\/td>\n<td style=\"width: 13.8913%; height: 24px; border-style: solid; border-color: #000000;\">14\u00a0Sch\u00fctzen<\/td>\n<td style=\"width: 9.43433%; border-style: solid; border-color: #000000; height: 24px;\">Dr. Martin Sch\u00e4fer<\/td>\n<td style=\"width: 20.6213%; height: 24px; border-style: solid; border-color: #000000;\">2.Platz<\/td>\n<td style=\"width: 12.8113%; height: 24px; border-style: solid; border-color: #000000;\">6 Sch\u00fctzen<\/td>\n<td style=\"width: 109.703%; border-style: solid; border-color: #000000; height: 24px;\"><\/td>\n<\/tr>\n<tr style=\"height: 24px;\">\n<td style=\"width: 7.16889%; height: 24px; border-style: solid; border-color: #000000; text-align: center;\"><strong>2022<\/strong><\/td>\n<td style=\"width: 24.0312%; height: 24px; border-style: solid; border-color: #000000;\">2.Platz + 31.Platz<\/td>\n<td style=\"width: 13.8913%; height: 24px; border-style: solid; border-color: #000000;\">10\u00a0Sch\u00fctzen<\/td>\n<td style=\"width: 9.43433%; border-style: solid; border-color: #000000; height: 24px;\">Sven Kunze<\/td>\n<td style=\"width: 20.6213%; height: 24px; border-style: solid; border-color: #000000;\">4.Platz<\/td>\n<td style=\"width: 12.8113%; height: 24px; border-style: solid; border-color: #000000;\">3 Sch\u00fctzen<\/td>\n<td style=\"width: 109.703%; border-style: solid; border-color: #000000; height: 24px;\"><\/td>\n<\/tr>\n<tr style=\"height: 24px;\">\n<td style=\"width: 7.16889%; height: 24px; border-style: solid; border-color: #000000; text-align: center;\"><strong>2021<\/strong><\/td>\n<td style=\"width: 24.0312%; height: 24px; border-style: solid; border-color: #000000;\">Coronabedingt \u00a0\u00a0 Ausgefallen<\/td>\n<td style=\"width: 13.8913%; height: 24px; border-style: solid; border-color: #000000;\"><\/td>\n<td style=\"width: 9.43433%; border-style: solid; border-color: #000000; height: 24px;\"><\/td>\n<td style=\"width: 20.6213%; height: 24px; border-style: solid; border-color: #000000;\">Abgesagt<\/td>\n<td style=\"width: 12.8113%; height: 24px; border-style: solid; border-color: #000000;\"><\/td>\n<td style=\"width: 109.703%; border-style: solid; border-color: #000000; height: 24px;\"><\/td>\n<\/tr>\n<tr style=\"height: 24px;\">\n<td style=\"width: 7.16889%; height: 24px; border-style: solid; border-color: #000000; text-align: center;\"><strong>2020<\/strong><\/td>\n<td style=\"width: 24.0312%; height: 24px; border-style: solid; border-color: #000000;\">Coronabedingt \u00a0\u00a0 Ausgefallen<\/td>\n<td style=\"width: 13.8913%; height: 24px; border-style: solid; border-color: #000000;\"><\/td>\n<td style=\"width: 9.43433%; border-style: solid; border-color: #000000; height: 24px;\"><\/td>\n<td style=\"width: 20.6213%; height: 24px; border-style: solid; border-color: #000000;\">Abgesagt<\/td>\n<td style=\"width: 12.8113%; height: 24px; border-style: solid; border-color: #000000;\"><\/td>\n<td style=\"width: 109.703%; border-style: solid; border-color: #000000; height: 24px;\"><\/td>\n<\/tr>\n<tr style=\"height: 24px;\">\n<td style=\"width: 7.16889%; height: 24px; border-style: solid; border-color: #000000; text-align: center;\"><strong>2019<\/strong><\/td>\n<td style=\"width: 24.0312%; height: 24px; border-style: solid; border-color: #000000;\">4.Platz + 27. Platz<\/td>\n<td style=\"width: 13.8913%; height: 24px; border-style: solid; border-color: #000000;\">12 Sch\u00fctzen<\/td>\n<td style=\"width: 9.43433%; border-style: solid; border-color: #000000; height: 24px;\">Siegfried Franz<\/td>\n<td style=\"width: 20.6213%; height: 24px; border-style: solid; border-color: #000000;\">3. + 4.Platz<\/td>\n<td style=\"width: 12.8113%; height: 24px; border-style: solid; border-color: #000000;\"><\/td>\n<td style=\"width: 109.703%; border-style: solid; border-color: #000000; height: 24px;\"><\/td>\n<\/tr>\n<tr style=\"height: 24px;\">\n<td style=\"width: 7.16889%; height: 26px; border-style: solid; border-color: #000000; text-align: center;\"><strong>2018<\/strong><\/td>\n<td style=\"width: 24.0312%; height: 26px; border-style: solid; border-color: #000000;\">keine Mannschaftsmeldung<\/td>\n<td style=\"width: 13.8913%; height: 26px; border-style: solid; border-color: #000000;\"><\/td>\n<td style=\"width: 9.43433%; border-style: solid; border-color: #000000; height: 26px;\"><\/td>\n<td style=\"width: 20.6213%; height: 26px; border-style: solid; border-color: #000000;\">keine Meldung<\/td>\n<td style=\"width: 12.8113%; height: 26px; border-style: solid; border-color: #000000;\"><\/td>\n<td style=\"width: 109.703%; border-style: solid; border-color: #000000; height: 26px;\"><\/td>\n<\/tr>\n<tr style=\"height: 24px;\">\n<td style=\"height: 24px; border-style: solid; border-color: #000000; width: 88.7359%;\" colspan=\"7\"><span style=\"font-size: 10pt;\"><strong><span style=\"color: #008080;\">Friedrich Fischer von &#8222;Bavaria Maisach&#8220; wurde 2017 mit einem 8,6 Teiler LP-Landessch\u00fctzenk\u00f6nig \u00a0<\/span>\u00a0 <a href=\"https:\/\/www.gau-fuerstenfeldbruck.de\/wp-content\/uploads\/2017\/10\/OLS-2017-Bild1.jpg\">Bild1<\/a>\u00a0 <a href=\"https:\/\/www.gau-fuerstenfeldbruck.de\/wp-content\/uploads\/2017\/10\/OLS-2017-Bild3.jpg\">Bild2\u00a0<\/a> <a href=\"https:\/\/www.gau-fuerstenfeldbruck.de\/wp-content\/uploads\/2017\/10\/OLS-2017-Bild6.jpg\">Bild3<\/a><br \/>\n<\/strong><\/span><\/td>\n<td style=\"width: 109.703%; border-style: solid; border-color: #000000; height: 24px;\"><span style=\"font-size: 10pt;\"><strong><span style=\"color: #008080;\">\u00a0<\/span><\/strong><\/span><\/td>\n<\/tr>\n<tr style=\"height: 24px;\">\n<td style=\"width: 7.16889%; height: 17px; border-style: solid; border-color: #000000; text-align: center;\"><strong>2017<\/strong><\/td>\n<td style=\"width: 24.0312%; height: 17px; border-style: solid; border-color: #000000;\">4.Platz<\/td>\n<td style=\"width: 13.8913%; height: 17px; border-style: solid; border-color: #000000;\">8 Sch\u00fctzen<\/td>\n<td style=\"width: 9.43433%; border-style: solid; border-color: #000000; height: 17px;\">Bernd Huber<\/td>\n<td style=\"width: 0.777605%; text-align: center; border-style: solid; border-color: #000000; height: 137px;\" rowspan=\"6\"><\/td>\n<td style=\"width: 20.6213%; height: 17px; border-style: solid; border-color: #000000;\">1.Platz<\/td>\n<td style=\"width: 12.8113%; height: 17px; border-style: solid; border-color: #000000;\"><\/td>\n<td style=\"width: 109.703%; border-style: solid; border-color: #000000; height: 17px;\">Peter Zander<\/td>\n<\/tr>\n<tr style=\"height: 24px;\">\n<td style=\"width: 7.16889%; height: 24px; border-color: #000000; border-style: solid; text-align: center;\"><strong>2016<\/strong><\/td>\n<td style=\"width: 24.0312%; height: 24px; border-color: #000000; border-style: solid;\">3.Platz<\/td>\n<td style=\"width: 13.8913%; height: 24px; border-color: #000000; border-style: solid;\">13 Sch\u00fctzen<\/td>\n<td style=\"width: 9.43433%; border-color: #000000; border-style: solid; height: 24px;\">Friedrich Fischer<\/td>\n<td style=\"height: 24px; border-color: #000000; border-style: solid; background-color: #918e8e; width: 33.4326%;\" colspan=\"2\"><strong>offene Klasse Sch\u00fctzen <\/strong>(2007 &#8211; 2016)<\/td>\n<td style=\"width: 109.703%; border-color: #000000; border-style: solid; background-color: #ffffff; height: 24px;\"><strong>\u00a0<\/strong><\/td>\n<\/tr>\n<tr style=\"height: 24px;\">\n<td style=\"width: 7.16889%; height: 24px; border-color: #000000; border-style: solid; text-align: center;\"><strong>2015<\/strong><\/td>\n<td style=\"width: 24.0312%; height: 24px; border-color: #000000; border-style: solid;\">5.Platz<\/td>\n<td style=\"width: 13.8913%; height: 24px; border-color: #000000; border-style: solid;\">12 Sch\u00fctzen<\/td>\n<td style=\"width: 9.43433%; border-color: #000000; border-style: solid; height: 24px;\">Bernhard Fischer<\/td>\n<td style=\"width: 20.6213%; height: 24px; border-color: #000000; border-style: solid;\">zu \u00a0wenig \u00a0Sch\u00fctzen<\/td>\n<td style=\"width: 12.8113%; height: 24px; border-color: #000000; border-style: solid;\"><\/td>\n<td style=\"width: 109.703%; border-color: #000000; border-style: solid; height: 24px;\"><\/td>\n<\/tr>\n<tr style=\"height: 24px;\">\n<td style=\"width: 7.16889%; height: 24px; border-color: #000000; border-style: solid; text-align: center;\"><strong>2014<\/strong><\/td>\n<td style=\"width: 24.0312%; height: 24px; border-color: #000000; border-style: solid;\">4.Platz<\/td>\n<td style=\"width: 13.8913%; height: 24px; border-color: #000000; border-style: solid;\">11 Sch\u00fctzen<\/td>\n<td style=\"width: 9.43433%; border-color: #000000; border-style: solid; height: 24px;\">J\u00fcrgen Marx<\/td>\n<td style=\"width: 20.6213%; height: 24px; border-color: #000000; border-style: solid;\">zu \u00a0wenig \u00a0Sch\u00fctzen<\/td>\n<td style=\"width: 12.8113%; height: 24px; border-color: #000000; border-style: solid;\"><\/td>\n<td style=\"width: 109.703%; border-color: #000000; border-style: solid; height: 24px;\"><\/td>\n<\/tr>\n<tr style=\"height: 24px;\">\n<td style=\"width: 7.16889%; height: 24px; border-color: #000000; border-style: solid; text-align: center;\"><strong>2013<\/strong><\/td>\n<td style=\"width: 24.0312%; height: 24px; border-color: #000000; border-style: solid;\">3.Platz<\/td>\n<td style=\"width: 13.8913%; height: 24px; border-color: #000000; border-style: solid;\">10 Sch\u00fctzen<\/td>\n<td style=\"width: 9.43433%; border-color: #000000; border-style: solid; height: 24px;\">Bernd Rosenstein<\/td>\n<td style=\"width: 20.6213%; height: 24px; border-color: #000000; border-style: solid;\">19.Platz<\/td>\n<td style=\"width: 12.8113%; height: 24px; border-color: #000000; border-style: solid;\">5 Sch\u00fctzen<\/td>\n<td style=\"width: 109.703%; border-color: #000000; border-style: solid; height: 24px;\"><\/td>\n<\/tr>\n<tr style=\"height: 24px;\">\n<td style=\"width: 7.16889%; height: 24px; border-color: #000000; border-style: solid; text-align: center;\"><strong>2012<\/strong><\/td>\n<td style=\"width: 24.0312%; height: 24px; border-color: #000000; border-style: solid;\">1.Platz<\/td>\n<td style=\"width: 13.8913%; height: 24px; border-color: #000000; border-style: solid;\">10 Sch\u00fctzen<\/td>\n<td style=\"width: 9.43433%; border-color: #000000; border-style: solid; height: 24px;\">Christian Pr\u00fcmm<\/td>\n<td style=\"width: 20.6213%; height: 24px; border-color: #000000; border-style: solid;\">4.Platz<\/td>\n<td style=\"width: 12.8113%; height: 24px; border-color: #000000; border-style: solid;\">7 Sch\u00fctzen<\/td>\n<td style=\"width: 109.703%; border-color: #000000; border-style: solid; height: 24px;\">Oleksiy Shlemko<\/td>\n<\/tr>\n<tr style=\"height: 24px;\">\n<td style=\"height: 24px; border-color: #000000; border-style: solid; width: 88.7359%;\" colspan=\"7\"><span style=\"color: #008080; font-size: 10pt;\"><a style=\"color: #008080;\" href=\"https:\/\/www.gau-fuerstenfeldbruck.de\/wp-content\/uploads\/2016\/10\/2011-LSK-LP-Prahl-Bruno.JPG\"><strong>Bruno Prahl von &#8222;Tell Sch\u00f6ngeising&#8220; wurde 2011 mit einem 12,6 Teiler LP-Landessch\u00fctzenk\u00f6nig<\/strong><\/a><\/span><\/td>\n<td style=\"width: 109.703%; border-color: #000000; border-style: solid; height: 24px;\"><span style=\"color: #008080; font-size: 10pt;\"><strong>\u00a0<\/strong><\/span><\/td>\n<\/tr>\n<tr style=\"height: 24px;\">\n<td style=\"width: 7.16889%; height: 24px; border-color: #000000; border-style: solid; text-align: center;\"><strong>2011<\/strong><\/td>\n<td style=\"width: 24.0312%; height: 24px; border-color: #000000; border-style: solid;\">4.Platz<\/td>\n<td style=\"width: 13.8913%; height: 24px; border-color: #000000; border-style: solid;\">7 Sch\u00fctzen<\/td>\n<td style=\"width: 9.43433%; border-color: #000000; border-style: solid; height: 24px;\"><\/td>\n<td style=\"width: 0.777605%; text-align: center; border-color: #000000; border-style: solid; height: 120px;\" rowspan=\"5\"><\/td>\n<td style=\"width: 20.6213%; height: 24px; border-color: #000000; border-style: solid;\">4.Platz<\/td>\n<td style=\"width: 12.8113%; height: 24px; border-color: #000000; border-style: solid;\">8 Sch\u00fctzen<\/td>\n<td style=\"width: 109.703%; border-color: #000000; border-style: solid; height: 24px;\"><\/td>\n<\/tr>\n<tr style=\"height: 24px;\">\n<td style=\"width: 7.16889%; height: 24px; border-color: #000000; border-style: solid; text-align: center;\"><strong>2010<\/strong><\/td>\n<td style=\"width: 24.0312%; height: 24px; border-color: #000000; border-style: solid;\">4.Platz<\/td>\n<td style=\"width: 13.8913%; height: 24px; border-color: #000000; border-style: solid;\">7 Sch\u00fctzen<\/td>\n<td style=\"width: 9.43433%; border-color: #000000; border-style: solid; height: 24px;\"><\/td>\n<td style=\"width: 20.6213%; height: 24px; border-color: #000000; border-style: solid;\">4.Platz<\/td>\n<td style=\"width: 12.8113%; height: 24px; border-color: #000000; border-style: solid;\">7 Sch\u00fctzen<\/td>\n<td style=\"width: 109.703%; border-color: #000000; border-style: solid; height: 24px;\"><\/td>\n<\/tr>\n<tr style=\"height: 24px;\">\n<td style=\"width: 7.16889%; height: 24px; border-color: #000000; border-style: solid; text-align: center;\"><strong>2009<\/strong><\/td>\n<td style=\"width: 24.0312%; height: 24px; border-color: #000000; border-style: solid;\">2.Platz<\/td>\n<td style=\"width: 13.8913%; height: 24px; border-color: #000000; border-style: solid;\">9 Sch\u00fctzen<\/td>\n<td style=\"width: 9.43433%; border-color: #000000; border-style: solid; height: 24px;\"><\/td>\n<td style=\"width: 20.6213%; height: 24px; border-color: #000000; border-style: solid;\">17.Platz<\/td>\n<td style=\"width: 12.8113%; height: 24px; border-color: #000000; border-style: solid;\">5 Sch\u00fctzen<\/td>\n<td style=\"width: 109.703%; border-color: #000000; border-style: solid; height: 24px;\"><\/td>\n<\/tr>\n<tr style=\"height: 24px;\">\n<td style=\"width: 7.16889%; height: 24px; border-color: #000000; border-style: solid; text-align: center;\"><strong>2008<\/strong><\/td>\n<td style=\"width: 24.0312%; height: 24px; border-color: #000000; border-style: solid;\">19.Platz<\/td>\n<td style=\"width: 13.8913%; height: 24px; border-color: #000000; border-style: solid;\">4 Sch\u00fctzen<\/td>\n<td style=\"width: 9.43433%; border-color: #000000; border-style: solid; height: 24px;\"><\/td>\n<td style=\"width: 20.6213%; height: 24px; border-color: #000000; border-style: solid;\">27.Platz<\/td>\n<td style=\"width: 12.8113%; height: 24px; border-color: #000000; border-style: solid;\">2 Sch\u00fctzen<\/td>\n<td style=\"width: 109.703%; border-color: #000000; border-style: solid; height: 24px;\"><\/td>\n<\/tr>\n<tr style=\"height: 24px;\">\n<td style=\"width: 7.16889%; height: 24px; border-color: #000000; border-style: solid; text-align: center;\"><strong>2007<\/strong><\/td>\n<td style=\"width: 24.0312%; height: 24px; border-color: #000000; border-style: solid;\"><\/td>\n<td style=\"width: 13.8913%; height: 24px; border-color: #000000; border-style: solid;\"><\/td>\n<td style=\"width: 9.43433%; border-color: #000000; border-style: solid; height: 24px;\"><\/td>\n<td style=\"width: 20.6213%; height: 24px; border-color: #000000; border-style: solid;\">10.Platz<\/td>\n<td style=\"width: 12.8113%; height: 24px; border-color: #000000; border-style: solid;\">7 Sch\u00fctzen<\/td>\n<td style=\"width: 109.703%; border-color: #000000; border-style: solid; height: 24px;\"><\/td>\n<\/tr>\n<\/tbody>\n<\/table>\n<p><span style=\"color: #3366ff;\">\u00a0<\/span><\/p>\n<p><span style=\"color: #3366ff;\">\u00a0<\/span><\/p>\n<p><span style=\"color: #3366ff;\">\u00a0<\/span><\/p>\n<p>&nbsp;<\/p>\n<p><span style=\"color: #3366ff;\">\u00a0<\/span><\/p>\n<p><span style=\"color: #3366ff;\">\u00a0<\/span><\/p>\n<p><span style=\"color: #3366ff;\">\u00a0<\/span><\/p>\n<p><span style=\"color: #3366ff;\">\u00a0<\/span><\/p>\n<p><span style=\"color: #3366ff;\">\u00a0<\/span><\/p>\n<p><span style=\"font-size: large; color: #3366ff;\"><span style=\"font-size: small;\">\u00a0<\/span><\/span><\/p>\n<p><span style=\"color: #3366ff;\">\u00a0<\/span><\/p>\n<p>&nbsp;<\/p>\n<p><span style=\"color: #3366ff;\">\u00a0<\/span><\/p>\n<p><span style=\"color: #3366ff;\">\u00a0<\/span><\/p>\n<p>&nbsp;<\/p>\n","protected":false},"excerpt":{"rendered":"<p>Weiterleitung auf Oktoberfest Landesschie\u00dfen ! OLS-Medaillen _ Platzierungen der LP-Gau-Mannschaften ab 2007 (Stand : Januar 2026) Jahr Da.\/He. III+IV+V Teilnehmer\u00a0 OLS-Medalie \u00a0 LP Auflage Teilnehmer Da.\/He. I+III+Jun.I Teilnehmer Sch\u00fcler + Jug + Jun.II Teilnehmer 2025 4.Platz + 19.Platz 10 Sch\u00fctzen keine 6.Platz + 10.Platz 10 Sch\u00fctzen 13.Platz 8 Sch\u00fctzen 15.Platz 2 Sch\u00fctzen &nbsp; Jahr\u00a0 alters\/senioren-Klasse [&hellip;]<\/p>\n","protected":false},"author":3,"featured_media":0,"parent":153,"menu_order":80,"comment_status":"closed","ping_status":"closed","template":"","meta":[],"_links":{"self":[{"href":"https:\/\/www.gau-fuerstenfeldbruck.de\/index.php?rest_route=\/wp\/v2\/pages\/2746"}],"collection":[{"href":"https:\/\/www.gau-fuerstenfeldbruck.de\/index.php?rest_route=\/wp\/v2\/pages"}],"about":[{"href":"https:\/\/www.gau-fuerstenfeldbruck.de\/index.php?rest_route=\/wp\/v2\/types\/page"}],"author":[{"embeddable":true,"href":"https:\/\/www.gau-fuerstenfeldbruck.de\/index.php?rest_route=\/wp\/v2\/users\/3"}],"replies":[{"embeddable":true,"href":"https:\/\/www.gau-fuerstenfeldbruck.de\/index.php?rest_route=%2Fwp%2Fv2%2Fcomments&post=2746"}],"version-history":[{"count":120,"href":"https:\/\/www.gau-fuerstenfeldbruck.de\/index.php?rest_route=\/wp\/v2\/pages\/2746\/revisions"}],"predecessor-version":[{"id":8299,"href":"https:\/\/www.gau-fuerstenfeldbruck.de\/index.php?rest_route=\/wp\/v2\/pages\/2746\/revisions\/8299"}],"up":[{"embeddable":true,"href":"https:\/\/www.gau-fuerstenfeldbruck.de\/index.php?rest_route=\/wp\/v2\/pages\/153"}],"wp:attachment":[{"href":"https:\/\/www.gau-fuerstenfeldbruck.de\/index.php?rest_route=%2Fwp%2Fv2%2Fmedia&parent=2746"}],"curies":[{"name":"wp","href":"https:\/\/api.w.org\/{rel}","templated":true}]}}