{"id":213,"date":"2009-10-10T21:27:34","date_gmt":"2009-10-10T19:27:34","guid":{"rendered":"http:\/\/localhost\/schuetzengau_ffb\/?page_id=213"},"modified":"2025-01-23T16:37:26","modified_gmt":"2025-01-23T15:37:26","slug":"impressum","status":"publish","type":"page","link":"https:\/\/www.gau-fuerstenfeldbruck.de\/?page_id=213","title":{"rendered":"Impressum"},"content":{"rendered":"<h1>Impressum<\/h1>\n<p>Angaben zur allgemeinen Informationspflicht \u00a7 6 Teledienstgesetz. Inhaltlich Verantwortlicher gem\u00e4\u00df \u00a7 6 MDStV:<\/p>\n<p><strong>Sch\u00fctzengau F\u00fcrstenfeldbruck im Bayerischen Sportsch\u00fctzenbund e.V. ( VR 413000 )<\/strong><\/p>\n<p>Wolfgang Dietrich (1. Gausch\u00fctzenmeister)<br \/>\nBuchenstrasse 16<br \/>\n82291 Mammendorf<br \/>\nDeutschland<\/p>\n<p>Fon: +49 (0)8145\/9953474<br \/>\nFax: +49 (0)8145\/951558<\/p>\n<p>E-Mail: <a href=\"mailto:gsm@gau-fuerstenfeldbruck.de\">gsm@gau-fuerstenfeldbruck.de<\/a><\/p>\n<p>Steuer-Nr.: 117\/110\/60024<br \/>\nFinanzamt F\u00fcrstenfeldbruck<\/p>\n<p><strong>Haftungshinweis:<\/strong><\/p>\n<p>Trotz sorgf\u00e4ltiger inhaltlicher Kontrolle \u00fcbernehmen wir keine Haftung f\u00fcr die Inhalte externer Links. F\u00fcr den Inhalt der verlinkten Seiten sind ausschlie\u00dflich deren Betreiber verantwortlich.<\/p>\n","protected":false},"excerpt":{"rendered":"<p>Impressum Angaben zur allgemeinen Informationspflicht \u00a7 6 Teledienstgesetz. Inhaltlich Verantwortlicher gem\u00e4\u00df \u00a7 6 MDStV: Sch\u00fctzengau F\u00fcrstenfeldbruck im Bayerischen Sportsch\u00fctzenbund e.V. ( VR 413000 ) Wolfgang Dietrich (1. Gausch\u00fctzenmeister) Buchenstrasse 16 82291 Mammendorf Deutschland Fon: +49 (0)8145\/9953474 Fax: +49 (0)8145\/951558 E-Mail: gsm@gau-fuerstenfeldbruck.de Steuer-Nr.: 117\/110\/60024 Finanzamt F\u00fcrstenfeldbruck Haftungshinweis: Trotz sorgf\u00e4ltiger inhaltlicher Kontrolle \u00fcbernehmen wir keine Haftung f\u00fcr [&hellip;]<\/p>\n","protected":false},"author":1,"featured_media":0,"parent":0,"menu_order":180,"comment_status":"closed","ping_status":"closed","template":"","meta":[],"_links":{"self":[{"href":"https:\/\/www.gau-fuerstenfeldbruck.de\/index.php?rest_route=\/wp\/v2\/pages\/213"}],"collection":[{"href":"https:\/\/www.gau-fuerstenfeldbruck.de\/index.php?rest_route=\/wp\/v2\/pages"}],"about":[{"href":"https:\/\/www.gau-fuerstenfeldbruck.de\/index.php?rest_route=\/wp\/v2\/types\/page"}],"author":[{"embeddable":true,"href":"https:\/\/www.gau-fuerstenfeldbruck.de\/index.php?rest_route=\/wp\/v2\/users\/1"}],"replies":[{"embeddable":true,"href":"https:\/\/www.gau-fuerstenfeldbruck.de\/index.php?rest_route=%2Fwp%2Fv2%2Fcomments&post=213"}],"version-history":[{"count":12,"href":"https:\/\/www.gau-fuerstenfeldbruck.de\/index.php?rest_route=\/wp\/v2\/pages\/213\/revisions"}],"predecessor-version":[{"id":7946,"href":"https:\/\/www.gau-fuerstenfeldbruck.de\/index.php?rest_route=\/wp\/v2\/pages\/213\/revisions\/7946"}],"wp:attachment":[{"href":"https:\/\/www.gau-fuerstenfeldbruck.de\/index.php?rest_route=%2Fwp%2Fv2%2Fmedia&parent=213"}],"curies":[{"name":"wp","href":"https:\/\/api.w.org\/{rel}","templated":true}]}}