{"id":143,"date":"2009-10-10T21:09:01","date_gmt":"2009-10-10T19:09:01","guid":{"rendered":"http:\/\/localhost\/schuetzengau_ffb\/?page_id=143"},"modified":"2025-11-01T12:42:00","modified_gmt":"2025-11-01T11:42:00","slug":"vereine","status":"publish","type":"page","link":"https:\/\/www.gau-fuerstenfeldbruck.de\/?page_id=143","title":{"rendered":"Vereine"},"content":{"rendered":"<p align=\"center\"><span style=\"text-decoration: underline;\"><span style=\"font-size: x-large;\">Die Vereine im Sch\u00fctzengau F\u00fcrstenfeldbruck<\/span><\/span><\/p>\n<table style=\"width: 78.4824%; height: 940px;\" border=\"1\">\n<tbody>\n<tr style=\"height: 28px;\">\n<td style=\"height: 28px;\" width=\"87\" height=\"28\">\n<div>VNr.<\/div>\n<\/td>\n<td style=\"height: 28px;\" width=\"349\" height=\"28\">\n<div>Verein<\/div>\n<\/td>\n<td style=\"height: 28px;\" width=\"87\" height=\"28\">\n<div>VNr.<\/div>\n<\/td>\n<td style=\"height: 28px;\" width=\"349\" height=\"28\">\n<div>Verein<\/div>\n<\/td>\n<\/tr>\n<tr style=\"height: 24px;\">\n<td style=\"height: 24px;\">\n<div>413001<\/div>\n<\/td>\n<td style=\"height: 24px;\">SV Eichengr\u00fcn Aich<\/td>\n<td style=\"height: 24px;\">\n<div>413032<\/div>\n<\/td>\n<td style=\"height: 24px;\">\n<div>Edelwei\u00df Moorenweis<\/div>\n<\/td>\n<\/tr>\n<tr style=\"height: 24px;\">\n<td style=\"height: 24px;\">\n<div>413002<\/div>\n<\/td>\n<td style=\"height: 24px;\">SV Parsberger Alling<\/td>\n<td style=\"height: 24px;\">\n<div>413033<\/div>\n<\/td>\n<td style=\"height: 24px;\">\n<div><a href=\"http:\/\/www.svnannhofen.de\/\" target=\"_blank\" rel=\"noopener\">Gr\u00fcne Eiche Nannhofen<\/a><\/div>\n<\/td>\n<\/tr>\n<tr style=\"height: 24px;\">\n<td style=\"height: 24px;\">\n<div>413003<\/div>\n<\/td>\n<td style=\"height: 24px;\"><a href=\"http:\/\/www.sga1857ev.de\/\" target=\"_blank\" rel=\"noopener\">SG Althegnenberg v. 1857<\/a><\/td>\n<td style=\"height: 24px;\">\n<div>413034<\/div>\n<\/td>\n<td style=\"height: 24px;\">\n<div><a href=\"https:\/\/www.waidmannsheil-neu-esting.de\/\">Waidmannsheil Neu-Esting<\/a><\/div>\n<\/td>\n<\/tr>\n<tr style=\"height: 24px;\">\n<td style=\"height: 24px;\">\n<div>413004<\/div>\n<\/td>\n<td style=\"height: 24px;\">SV Bei der Burg Biburg<\/td>\n<td style=\"height: 24px;\">\n<div>413035<\/div>\n<\/td>\n<td style=\"height: 24px;\">\n<div><a href=\"http:\/\/www.hubertus-oberschweinbach.de\/\" target=\"_blank\" rel=\"noopener\">Hubertus Oberschweinbach<\/a><\/div>\n<\/td>\n<\/tr>\n<tr style=\"height: 24px;\">\n<td style=\"height: 24px;\">\n<div>413005<\/div>\n<\/td>\n<td style=\"height: 24px;\">SV Adlerhorst D\u00fcnzelbach<\/td>\n<td style=\"height: 24px;\">\n<div>413036<\/div>\n<\/td>\n<td style=\"height: 24px;\">\n<div><a href=\"https:\/\/sv-oberweikertshofen.de\/\">Gut-Ziel Oberweikertshofen<\/a><\/div>\n<\/td>\n<\/tr>\n<tr style=\"height: 24px;\">\n<td style=\"height: 24px;\">\n<div>413006<\/div>\n<\/td>\n<td style=\"height: 24px;\"><a href=\"https:\/\/www.sch\u00fctzenverein-egenhofen.de\/\">SV Egenhofen<\/a><\/td>\n<td style=\"height: 24px;\">\n<div>413037<\/div>\n<\/td>\n<td style=\"height: 24px;\">\n<div><a href=\"http:\/\/www.gem\u00fctlichkeit-olching.de\/\" target=\"_blank\" rel=\"noopener\">Gem\u00fctlichkeit Olching <\/a><\/div>\n<\/td>\n<\/tr>\n<tr style=\"height: 24px;\">\n<td style=\"height: 24px;\">\n<div>413007<\/div>\n<\/td>\n<td style=\"height: 24px;\"><a href=\"http:\/\/eichenauer-schuetzen.de\/\">Immergr\u00fcn Eichenau<\/a><\/td>\n<td style=\"height: 24px;\"><\/td>\n<td style=\"height: 24px;\"><\/td>\n<\/tr>\n<tr style=\"height: 24px;\">\n<td style=\"height: 24px;\">\n<div>413008<\/div>\n<\/td>\n<td style=\"height: 24px;\"><a href=\"https:\/\/www.sv-emmering.de\/\">SV Emmering v.1869<\/a><\/td>\n<td style=\"height: 24px;\">\n<div>413039<\/div>\n<\/td>\n<td style=\"height: 24px;\">\n<div><a href=\"http:\/\/www.edelweiss-puch.de\" target=\"_blank\" rel=\"noopener\">Edelwei\u00df Puch<\/a><\/div>\n<\/td>\n<\/tr>\n<tr style=\"height: 24px;\">\n<td style=\"height: 24px;\">\n<div>413009<\/div>\n<\/td>\n<td style=\"height: 24px;\">SV Amperlust Esting<\/td>\n<td style=\"height: 24px;\">\n<div>413040<\/div>\n<\/td>\n<td style=\"height: 24px;\">\n<div><a href=\"https:\/\/www.eintrachtpuchheim.de\/\" target=\"_blank\" rel=\"noopener\">Eintracht Puchheim<\/a><\/div>\n<\/td>\n<\/tr>\n<tr style=\"height: 24px;\">\n<td style=\"height: 24px;\"><\/td>\n<td style=\"height: 24px;\"><\/td>\n<td style=\"height: 24px;\">\n<div>413041<\/div>\n<\/td>\n<td style=\"height: 24px;\">\n<div><a href=\"https:\/\/www.gamsjaeger-puchheim.de\" target=\"_blank\" rel=\"noopener\">Gamsj\u00e4ger Puchheim<\/a><\/div>\n<\/td>\n<\/tr>\n<tr style=\"height: 24px;\">\n<td style=\"height: 24px;\">\n<div>413011<\/div>\n<\/td>\n<td style=\"height: 24px;\"><a href=\"http:\/\/www.feuerschuetzen-ffb.de\/\" target=\"_blank\" rel=\"noopener\">Kgl.pr.FSG F\u00fcrstenfeldbruck<\/a><\/td>\n<td style=\"height: 24px;\">\n<div>413042<\/div>\n<\/td>\n<td style=\"height: 24px;\">\n<div><a href=\"https:\/\/www.tell-schuetzen-schoengeising.de\/\">Tell Sch\u00f6ngeising<\/a><\/div>\n<\/td>\n<\/tr>\n<tr style=\"height: 24px;\">\n<td style=\"height: 24px;\"><\/td>\n<td style=\"height: 24px;\"><\/td>\n<td style=\"height: 24px;\">\n<div>413043<\/div>\n<\/td>\n<td style=\"height: 24px;\">\n<div><a href=\"http:\/\/www.stuabach.de\/\" target=\"_blank\" rel=\"noopener\">Almenrausch Steinbach<\/a><\/div>\n<\/td>\n<\/tr>\n<tr style=\"height: 24px;\">\n<td style=\"height: 24px;\"><\/td>\n<td style=\"height: 24px;\"><\/td>\n<td style=\"height: 24px;\">\n<div>413044<\/div>\n<\/td>\n<td style=\"height: 24px;\">\n<div><a href=\"http:\/\/www.schuetzengesellschaft-steindorf.de\/\" target=\"_blank\" rel=\"noopener\">SG Steindorf<\/a><\/div>\n<\/td>\n<\/tr>\n<tr style=\"height: 24px;\">\n<td style=\"height: 24px;\">\n<div>413014<\/div>\n<\/td>\n<td style=\"height: 24px;\"><a href=\"http:\/\/www.schuetzen-geiselbullach.de\/\" target=\"_blank\" rel=\"noopener\">Gut Ziel Geiselbullach<\/a><\/td>\n<td style=\"height: 24px;\">\n<div>413045<\/div>\n<\/td>\n<td style=\"height: 24px;\">\n<div><a href=\"http:\/\/www.gemuetlichkeit-tuerkenfeld.de\/\" target=\"_blank\" rel=\"noopener\">Gem\u00fctlichkeit T\u00fcrkenfeld <\/a><\/div>\n<\/td>\n<\/tr>\n<tr style=\"height: 24px;\">\n<td style=\"height: 24px;\">\n<div>413015<\/div>\n<\/td>\n<td style=\"height: 24px;\">Graf Hatto Hattenhofen<\/td>\n<td style=\"height: 24px;\">\n<div>413046<\/div>\n<\/td>\n<td style=\"height: 24px;\">\n<div>Kleeblatt \u00dcberacker<\/div>\n<\/td>\n<\/tr>\n<tr style=\"height: 24px;\">\n<td style=\"height: 24px;\">\n<div>413016<\/div>\n<\/td>\n<td style=\"height: 24px;\"><a href=\"https:\/\/almrausch-germerswang.de\/\">Almrausch Germerswang<\/a><\/td>\n<td style=\"height: 24px;\">\n<div>413047<\/div>\n<\/td>\n<td style=\"height: 24px;\">\n<div><a href=\"http:\/\/www.gemuetlichkeit-unterpfaffenhofen.de\/\" target=\"_blank\" rel=\"noopener\">Gem\u00fctlichkeit Unterpfaffenhofen<\/a><\/div>\n<\/td>\n<\/tr>\n<tr style=\"height: 24px;\">\n<td style=\"height: 24px;\">\n<div>413017<\/div>\n<\/td>\n<td style=\"height: 24px;\"><a href=\"https:\/\/www.waldsch\u00fctzen-gernlinden.de\/\" target=\"_blank\" rel=\"noopener\">Waldsch\u00fctzen Gernlinden<\/a><\/td>\n<td style=\"height: 24px;\">\n<div>413048<\/div>\n<\/td>\n<td style=\"height: 24px;\">\n<div><a href=\"http:\/\/www.ebersried.de\" target=\"_blank\" rel=\"noopener\">Hubertus Weyhern<\/a><\/div>\n<\/td>\n<\/tr>\n<tr style=\"height: 24px;\">\n<td style=\"height: 24px;\">\n<div>413018<\/div>\n<\/td>\n<td style=\"height: 24px;\"><a href=\"http:\/\/www.frisch-auf-grasslfing.de\/\">Frisch-Auf Gra\u00dflfing<\/a><\/td>\n<td style=\"height: 24px;\">\n<div><\/div>\n<\/td>\n<td style=\"height: 24px;\">\n<div><\/div>\n<\/td>\n<\/tr>\n<tr style=\"height: 24px;\">\n<td style=\"height: 24px;\">\n<div>413019<\/div>\n<\/td>\n<td style=\"height: 24px;\"><a href=\"https:\/\/ssv-almrausch-groebenzell.de\/\" target=\"_blank\" rel=\"noopener\">Almrausch Gr\u00f6benzell<\/a><\/td>\n<td style=\"height: 24px;\">\n<div>413050<\/div>\n<\/td>\n<td style=\"height: 24px;\">\n<div><a href=\"http:\/\/www.enzian-zankenhausen.de\/\" target=\"_blank\" rel=\"noopener\">Enzian Zankenhausen<\/a><\/div>\n<\/td>\n<\/tr>\n<tr style=\"height: 24px;\">\n<td style=\"height: 24px;\">\n<div>413020<\/div>\n<\/td>\n<td style=\"height: 24px;\">Maisachwinkler Grunertshofen<\/td>\n<td style=\"height: 24px;\">\n<div>413051<\/div>\n<\/td>\n<td style=\"height: 24px;\">\n<div><a href=\"http:\/\/www.sv-malching.de\" target=\"_blank\" rel=\"noopener\">Maleiche Malching<\/a><\/div>\n<\/td>\n<\/tr>\n<tr style=\"height: 24px;\">\n<td style=\"height: 24px;\">\n<div>413021<\/div>\n<\/td>\n<td style=\"height: 24px;\"><a href=\"http:\/\/www.bsc-maisach.de\" target=\"_blank\" rel=\"noopener\">Bogen-Sport-Club Maisach<\/a><\/td>\n<td style=\"height: 24px;\">\n<div>413052<\/div>\n<\/td>\n<td style=\"height: 24px;\">\n<div>Hubertus Aufkirchen<\/div>\n<\/td>\n<\/tr>\n<tr style=\"height: 24px;\">\n<td style=\"height: 24px;\">\n<div>413022<\/div>\n<\/td>\n<td style=\"height: 24px;\">Eichenlaub H\u00f6rbach<\/td>\n<td style=\"height: 24px;\">\n<div>413053<\/div>\n<\/td>\n<td style=\"height: 24px;\">\n<div><a href=\"http:\/\/www.glonnquell.de\">Glonnquell Mittelstetten<\/a><\/div>\n<\/td>\n<\/tr>\n<tr style=\"height: 24px;\">\n<td style=\"height: 24px;\">\n<div>413023<\/div>\n<\/td>\n<td style=\"height: 24px;\">Almrausch Hofhegnenberg<\/td>\n<td style=\"height: 24px;\">\n<div>413054<\/div>\n<\/td>\n<td style=\"height: 24px;\">\n<div>Colorado-Boys Gr\u00f6benzell<\/div>\n<\/td>\n<\/tr>\n<tr style=\"height: 24px;\">\n<td style=\"height: 24px;\">\n<div>413024<\/div>\n<\/td>\n<td style=\"height: 24px;\"><a href=\"https:\/\/www.tsvjesenwang.de\/pages\/schuetzen.php\">TSV-Sch\u00fctzen Jesenwang<\/a><\/td>\n<td style=\"height: 24px;\">\n<div>413055<\/div>\n<\/td>\n<td style=\"height: 24px;\">\n<div><a href=\"http:\/\/www.st-martins-schuetzen-nassenhausen.de\/\" target=\"_blank\" rel=\"noopener\">St. Martin Sch\u00fctzen Nassenhausen<\/a><\/div>\n<\/td>\n<\/tr>\n<tr style=\"height: 24px;\">\n<td style=\"height: 24px;\">\n<div>413025<\/div>\n<\/td>\n<td style=\"height: 24px;\"><a href=\"https:\/\/svkottgeisering.de\/sportschuetzen\">SV-Sch\u00fctzen Kottgeisering<\/a><\/td>\n<td style=\"height: 24px;\">\n<div><\/div>\n<\/td>\n<td style=\"height: 24px;\">\n<div><\/div>\n<\/td>\n<\/tr>\n<tr style=\"height: 24px;\">\n<td style=\"height: 24px;\">\n<div>413026<\/div>\n<\/td>\n<td style=\"height: 24px;\"><a href=\"http:\/\/www.svimla.de\/\">Immergr\u00fcn Landsberied<\/a><\/td>\n<td style=\"height: 24px;\">\n<div>413057<\/div>\n<\/td>\n<td style=\"height: 24px;\">\n<div>FSG Amperland Emmering<\/div>\n<\/td>\n<\/tr>\n<tr style=\"height: 24px;\">\n<td style=\"height: 24px;\">\n<div>413027<\/div>\n<\/td>\n<td style=\"height: 24px;\"><a href=\"http:\/\/www.bavaria-maisach.de\" target=\"_blank\" rel=\"noopener\">Bavaria Maisach<\/a><\/td>\n<td style=\"height: 24px;\">\n<div>413058<\/div>\n<\/td>\n<td style=\"height: 24px;\">\n<div>SSV Brucker Land<\/div>\n<\/td>\n<\/tr>\n<tr style=\"height: 24px;\">\n<td style=\"height: 24px;\">\n<div>413028<\/div>\n<\/td>\n<td style=\"height: 24px;\"><a href=\"http:\/\/www.eichenlaub-schuetzen.de\" target=\"_blank\" rel=\"noopener\">Eichenlaub Mammendorf<\/a><\/td>\n<td style=\"height: 24px;\">\n<div>413059<\/div>\n<\/td>\n<td style=\"height: 24px;\">\n<div>B\u00f6ller-u. SSV Puchheim<\/div>\n<\/td>\n<\/tr>\n<tr style=\"height: 24px;\">\n<td style=\"height: 24px;\">\n<div>413029<\/div>\n<\/td>\n<td style=\"height: 24px;\">WTV Diana Hattenhofen<\/td>\n<td style=\"height: 24px;\">\n<div>413060<\/div>\n<\/td>\n<td style=\"height: 24px;\">\n<div>B\u00f6llersch\u00fctzenzug Grafrath<\/div>\n<\/td>\n<\/tr>\n<tr style=\"height: 24px;\">\n<td style=\"height: 24px;\">\n<div>413030<\/div>\n<\/td>\n<td style=\"height: 24px;\"><a href=\"http:\/\/www.hoelzlberger-mauern.de\/\">H\u00f6lzlberger Mauern<\/a><\/td>\n<td style=\"height: 24px;\">\n<div>413061<\/div>\n<\/td>\n<td style=\"height: 24px;\">\n<div><a href=\"https:\/\/www.scolching.de\" target=\"_blank\" rel=\"noopener\">SC Olching, Bogensport<\/a><\/div>\n<\/td>\n<\/tr>\n<tr style=\"height: 24px;\">\n<td style=\"height: 24px;\"><\/td>\n<td style=\"height: 24px;\"><\/td>\n<td style=\"height: 24px;\">\n<div>413062<\/div>\n<\/td>\n<td style=\"height: 24px;\">\n<div><a href=\"http:\/\/www.bogensport-ffb.de\/\" target=\"_blank\" rel=\"noopener\">Bogensport F\u00fcrstenfeldbruck<\/a><\/div>\n<\/td>\n<\/tr>\n<tr style=\"height: 24px;\">\n<td style=\"height: 24px;\"><\/td>\n<td style=\"height: 24px;\"><\/td>\n<td style=\"height: 24px;\">413063<\/td>\n<td style=\"height: 24px;\"><a href=\"https:\/\/www.fcpuchheim-bogensport.de\/\" target=\"_blank\" rel=\"noopener\">FC Puchheim e.V. Abt. Bogensport<\/a><\/td>\n<\/tr>\n<tr style=\"height: 24px;\">\n<td style=\"height: 24px;\"><\/td>\n<td style=\"height: 24px;\"><\/td>\n<td style=\"height: 24px;\">413064<\/td>\n<td style=\"height: 24px;\">Bayr.GKS u.Kanonierges. Altom\u00fcnster<\/td>\n<\/tr>\n<tr style=\"height: 24px;\">\n<td style=\"height: 24px;\"><\/td>\n<td style=\"height: 24px;\"><\/td>\n<td style=\"height: 24px;\">413066<\/td>\n<td style=\"height: 24px;\">B\u00f6llersch\u00fctzen Alling<\/td>\n<\/tr>\n<tr style=\"height: 24px;\">\n<td style=\"height: 24px;\"><\/td>\n<td style=\"height: 24px;\"><\/td>\n<td style=\"height: 24px;\">413067<\/td>\n<td style=\"height: 24px;\"><a href=\"http:\/\/www.ssv-ffb.de\" target=\"_blank\" rel=\"noopener\">Sportsch\u00fctzenvereinigung-F\u00fcrstenfeldbruck<\/a><\/td>\n<\/tr>\n<tr style=\"height: 24px;\">\n<td style=\"height: 24px;\"><\/td>\n<td style=\"height: 24px;\"><\/td>\n<td style=\"height: 24px;\">413068<\/td>\n<td style=\"height: 24px;\">B\u00f6ller Gruppe Emmering<\/td>\n<\/tr>\n<tr style=\"height: 24px;\">\n<td style=\"height: 24px;\"><\/td>\n<td style=\"height: 24px;\"><\/td>\n<td style=\"height: 24px;\">413069<\/td>\n<td style=\"height: 24px;\"><a href=\"https:\/\/www.bogensport-groebenzell.de\/\">SC Gr\u00f6benzell Abt. Bogensport<\/a><\/td>\n<\/tr>\n<tr style=\"height: 24px;\">\n<td style=\"height: 24px;\"><\/td>\n<td style=\"height: 24px;\"><\/td>\n<td style=\"height: 24px;\">413070<\/td>\n<td style=\"height: 24px;\">Jagd- u. Feuersch\u00fctzen Eschenried e.V.<\/td>\n<\/tr>\n<\/tbody>\n<\/table>\n","protected":false},"excerpt":{"rendered":"<p>Die Vereine im Sch\u00fctzengau F\u00fcrstenfeldbruck VNr. Verein VNr. Verein 413001 SV Eichengr\u00fcn Aich 413032 Edelwei\u00df Moorenweis 413002 SV Parsberger Alling 413033 Gr\u00fcne Eiche Nannhofen 413003 SG Althegnenberg v. 1857 413034 Waidmannsheil Neu-Esting 413004 SV Bei der Burg Biburg 413035 Hubertus Oberschweinbach 413005 SV Adlerhorst D\u00fcnzelbach 413036 Gut-Ziel Oberweikertshofen 413006 SV Egenhofen 413037 Gem\u00fctlichkeit Olching 413007 [&hellip;]<\/p>\n","protected":false},"author":1,"featured_media":0,"parent":137,"menu_order":30,"comment_status":"closed","ping_status":"closed","template":"","meta":[],"_links":{"self":[{"href":"https:\/\/www.gau-fuerstenfeldbruck.de\/index.php?rest_route=\/wp\/v2\/pages\/143"}],"collection":[{"href":"https:\/\/www.gau-fuerstenfeldbruck.de\/index.php?rest_route=\/wp\/v2\/pages"}],"about":[{"href":"https:\/\/www.gau-fuerstenfeldbruck.de\/index.php?rest_route=\/wp\/v2\/types\/page"}],"author":[{"embeddable":true,"href":"https:\/\/www.gau-fuerstenfeldbruck.de\/index.php?rest_route=\/wp\/v2\/users\/1"}],"replies":[{"embeddable":true,"href":"https:\/\/www.gau-fuerstenfeldbruck.de\/index.php?rest_route=%2Fwp%2Fv2%2Fcomments&post=143"}],"version-history":[{"count":66,"href":"https:\/\/www.gau-fuerstenfeldbruck.de\/index.php?rest_route=\/wp\/v2\/pages\/143\/revisions"}],"predecessor-version":[{"id":8214,"href":"https:\/\/www.gau-fuerstenfeldbruck.de\/index.php?rest_route=\/wp\/v2\/pages\/143\/revisions\/8214"}],"up":[{"embeddable":true,"href":"https:\/\/www.gau-fuerstenfeldbruck.de\/index.php?rest_route=\/wp\/v2\/pages\/137"}],"wp:attachment":[{"href":"https:\/\/www.gau-fuerstenfeldbruck.de\/index.php?rest_route=%2Fwp%2Fv2%2Fmedia&parent=143"}],"curies":[{"name":"wp","href":"https:\/\/api.w.org\/{rel}","templated":true}]}}