{"id":1334,"date":"2009-11-27T16:01:31","date_gmt":"2009-11-27T14:01:31","guid":{"rendered":"http:\/\/www.gau-fuerstenfeldbruck.de\/?page_id=1334"},"modified":"2025-11-11T11:52:09","modified_gmt":"2025-11-11T10:52:09","slug":"lp-wanderpokal","status":"publish","type":"page","link":"https:\/\/www.gau-fuerstenfeldbruck.de\/?page_id=1334","title":{"rendered":"Gau LP-Wanderpokal"},"content":{"rendered":"<p style=\"text-align: center;\"><span style=\"color: #ff0000; font-size: 18pt;\"><span style=\"text-decoration: underline;\"><strong>Gau Luftpistolen Wanderpokal<\/strong><\/span><\/span><\/p>\n<p>&nbsp;<\/p>\n<p style=\"text-align: center;\"><span style=\"color: #000000;\"><span style=\"font-size: 14pt;\"><strong>44. Gauwanderpokal f\u00fcr Luftpistole 2025 in Nannhofen<br \/>\n<\/strong><\/span><span style=\"font-size: 14pt;\"><strong>vom Donnerstag 23.10. bis Mittwoch 29.10.2025<\/strong><\/span><\/span><\/p>\n<p>&nbsp;<\/p>\n<p style=\"text-align: center;\"><a href=\"https:\/\/www.gau-fuerstenfeldbruck.de\/wp-content\/uploads\/2025\/09\/Programm_2025.pdf\"><strong><span style=\"color: #0000ff;\"><span style=\"font-size: 10pt;\">Informationen und Programmheft hier zum Download<\/span><\/span><\/strong><\/a><\/p>\n<p style=\"text-align: center;\"><span style=\"text-decoration: underline;\"><strong><span style=\"font-size: 14pt;\">Endergebnisse<\/span><br \/>\n<\/strong><\/span><\/p>\n<h3 style=\"text-align: center;\"><span style=\"font-size: 10pt; color: #0000ff;\"><a style=\"color: #0000ff;\" href=\"https:\/\/www.gau-fuerstenfeldbruck.de\/wp-content\/uploads\/2025\/11\/LP_Preisschiessen.pdf\" target=\"_blank\" rel=\"noopener noreferrer\">&gt;&gt;&gt; Endergebnisse Preisschie\u00dfen (Stand: 29.10.2025) &lt;&lt;&lt;<\/a><\/span><\/h3>\n<h3 style=\"text-align: center;\"><span style=\"font-size: 10pt; color: #0000ff;\"><a style=\"color: #0000ff;\" href=\"https:\/\/www.gau-fuerstenfeldbruck.de\/wp-content\/uploads\/2025\/11\/LPA_Preisschiessen.pdf\" target=\"_blank\" rel=\"noopener noreferrer\">&gt;&gt;&gt; Endergebnisse Preisschie\u00dfen Auflage (Stand: 29.10.2025) &lt;&lt;&lt;<\/a><\/span><\/h3>\n<h3 style=\"text-align: center;\"><span style=\"font-size: 10pt; color: #0000ff;\"><a style=\"color: #0000ff;\" href=\"https:\/\/www.gau-fuerstenfeldbruck.de\/wp-content\/uploads\/2025\/11\/LP_J_Preisschiessen.pdf\" target=\"_blank\" rel=\"noopener noreferrer\">&gt;&gt;&gt; Endergebnisse Preisschie\u00dfen Jugend (Stand: 29.10.2025) &lt;&lt;&lt;<\/a><\/span><\/h3>\n<p>&nbsp;<\/p>\n<p style=\"text-align: center;\"><strong><span style=\"color: #0000ff;\">Siegerehrung und Preisverteilung<\/span><\/strong><br \/>\nSAMSTAG, der 08.11.2025, 19:00 Uhr<br \/>\nim Sch\u00fctzenheim Nannhofen<br \/>\nSchlo\u00dfbergstra\u00dfe 11<br \/>\n82291 Nannhofen<\/p>\n","protected":false},"excerpt":{"rendered":"<p>Gau Luftpistolen Wanderpokal &nbsp; 44. Gauwanderpokal f\u00fcr Luftpistole 2025 in Nannhofen vom Donnerstag 23.10. bis Mittwoch 29.10.2025 &nbsp; Informationen und Programmheft hier zum Download Endergebnisse &gt;&gt;&gt; Endergebnisse Preisschie\u00dfen (Stand: 29.10.2025) &lt;&lt;&lt; &gt;&gt;&gt; Endergebnisse Preisschie\u00dfen Auflage (Stand: 29.10.2025) &lt;&lt;&lt; &gt;&gt;&gt; Endergebnisse Preisschie\u00dfen Jugend (Stand: 29.10.2025) &lt;&lt;&lt; &nbsp; Siegerehrung und Preisverteilung SAMSTAG, der 08.11.2025, 19:00 Uhr im [&hellip;]<\/p>\n","protected":false},"author":2,"featured_media":0,"parent":153,"menu_order":50,"comment_status":"closed","ping_status":"closed","template":"","meta":[],"_links":{"self":[{"href":"https:\/\/www.gau-fuerstenfeldbruck.de\/index.php?rest_route=\/wp\/v2\/pages\/1334"}],"collection":[{"href":"https:\/\/www.gau-fuerstenfeldbruck.de\/index.php?rest_route=\/wp\/v2\/pages"}],"about":[{"href":"https:\/\/www.gau-fuerstenfeldbruck.de\/index.php?rest_route=\/wp\/v2\/types\/page"}],"author":[{"embeddable":true,"href":"https:\/\/www.gau-fuerstenfeldbruck.de\/index.php?rest_route=\/wp\/v2\/users\/2"}],"replies":[{"embeddable":true,"href":"https:\/\/www.gau-fuerstenfeldbruck.de\/index.php?rest_route=%2Fwp%2Fv2%2Fcomments&post=1334"}],"version-history":[{"count":176,"href":"https:\/\/www.gau-fuerstenfeldbruck.de\/index.php?rest_route=\/wp\/v2\/pages\/1334\/revisions"}],"predecessor-version":[{"id":8238,"href":"https:\/\/www.gau-fuerstenfeldbruck.de\/index.php?rest_route=\/wp\/v2\/pages\/1334\/revisions\/8238"}],"up":[{"embeddable":true,"href":"https:\/\/www.gau-fuerstenfeldbruck.de\/index.php?rest_route=\/wp\/v2\/pages\/153"}],"wp:attachment":[{"href":"https:\/\/www.gau-fuerstenfeldbruck.de\/index.php?rest_route=%2Fwp%2Fv2%2Fmedia&parent=1334"}],"curies":[{"name":"wp","href":"https:\/\/api.w.org\/{rel}","templated":true}]}}