{"id":118,"date":"2009-10-09T15:38:37","date_gmt":"2009-10-09T13:38:37","guid":{"rendered":"http:\/\/www.bizcom24.de\/2\/hundetrainer-planer.de\/wp\/?page_id=118"},"modified":"2025-07-03T12:57:45","modified_gmt":"2025-07-03T11:57:45","slug":"turniere-und-wettkaempfe","status":"publish","type":"page","link":"https:\/\/www.gau-fuerstenfeldbruck.de\/?page_id=118","title":{"rendered":"Turniere und Wettk\u00e4mpfe"},"content":{"rendered":"<p style=\"text-align: center;\"><span style=\"text-decoration: underline; color: #ff0000;\"><span style=\"font-size: x-large;\">Weitere Turniere und Wettk\u00e4mpfe<\/span><\/span><\/p>\n<p><span style=\"font-size: 14pt;\">Auf dieser Seite werden Turniere und Wettk\u00e4mpfe ver\u00f6ffentlicht, die von den verschiedenen Vereinen in unserem Gau und au\u00dferhalb unseres Gaus veranstaltet werden (z. B. 100-Schu\u00df-Turniere, Wettk\u00e4mpfe und Turniere vom BSSB etc.).<\/span><\/p>\n<p><span style=\"font-size: 14pt;\">Wenn jemand von so einem Schie\u00dfen Kenntnis hat, bitten wir um Mitteilung an Frau Barbara Bodenbach per Mail (2gjl@gau-fuerstenfeldbruck.de) mit allen Informationen.\u00a0<\/span><\/p>\n<hr \/>\n<p>&nbsp;<\/p>\n<table style=\"height: 240px; width: 100%; border-collapse: collapse; border-style: outset;\">\n<tbody>\n<tr style=\"height: 24px;\">\n<td style=\"width: 50%; height: 24px; border-style: inset; text-align: center;\"><span style=\"font-size: 14pt;\"><strong>Weitere Turniere<\/strong><\/span><\/td>\n<td style=\"width: 50%; height: 24px; border-style: inset; text-align: center;\">\n<header>\n<h1 class=\"h2\"><span style=\"font-size: 14pt;\">BSSB\/BSSBJ<\/span><\/h1>\n<\/header>\n<\/td>\n<\/tr>\n<tr>\n<td style=\"width: 50%; border-style: inset;\"><span style=\"font-size: 12pt;\"><strong>Einladung zum 100-Schu\u00df-Turnier in Huglfing vom 16.07. &#8211; 03.08.2025<\/strong><\/span><br \/>\n<span style=\"font-size: 12pt;\"><strong>LG\/LP und LG\/LP Auflage<\/strong><\/span><a href=\"https:\/\/www.gau-fuerstenfeldbruck.de\/wp-content\/uploads\/2025\/05\/Huglfing_100_Einladung2025-1.pdf\">Einladung<\/a><br \/>\n<a href=\"https:\/\/www.gau-fuerstenfeldbruck.de\/wp-content\/uploads\/2025\/05\/Anmeldeformular2025.pdf\">Anmeldeformular<\/a><\/td>\n<td style=\"width: 50%; height: 24px; border-style: inset;\"><strong><span style=\"font-family: inherit; font-size: inherit;\">Bayernpokal (Jugend)<br \/>\n<\/span><\/strong><span style=\"font-family: inherit; font-size: inherit;\">Der Bayernpokal ist ein Wettkampf unter den Auswahlmannschaften der\u00a0acht Bezirke im BSSB und wird in den Disziplinen Luftgewehr, LG 3&#215;20, Luftpistole, KK 3&#215;20 und Recurvebogen ausgetragen. Er bietet den besten bayerischen Jungsch\u00fctzen die Gelegenheit, sich im gemeinsamen Wettkampfvergleich\u00a0zu messen.\u00a0<\/span><\/p>\n<div class=\"text-container\">\n<p class=\"lead\"><strong>Termin: 21.06.2025 in Hochbr\u00fcck<br \/>\n<\/strong>N\u00e4here Informationen: <a style=\"font-family: inherit; font-size: inherit;\" href=\"https:\/\/www.bssj.de\/veranstaltungen\/bayernpokal\">Bayernpokal \u2013 Bayerische Sportsch\u00fctzenjugend<\/a><\/p>\n<\/div>\n<\/td>\n<\/tr>\n<tr style=\"height: 24px;\">\n<td style=\"width: 50%; height: 24px; border-style: inset;\"><strong>Ausschreibung zur Herbstmeisterschaft &#8211; Seniorenmeisterschaft in Hochbr\u00fcck<\/strong><\/p>\n<p><a href=\"https:\/\/www.gau-fuerstenfeldbruck.de\/wp-content\/uploads\/2025\/07\/Senioren-Herbstmeisterschaft.pdf\">Senioren Herbstmeisterschaft<\/a><\/p>\n<p>Meldeschluss: <span style=\"color: #ff0000;\">01.08.20205<\/span><\/td>\n<td style=\"width: 50%; height: 24px; border-style: inset;\"><strong>Guschu-Pokal (Sch\u00fcler)<br \/>\n<\/strong>Bei diesem <strong>Fernwettkampf<\/strong> k\u00f6nnen sich\u00a0Sch\u00fctzen der Sch\u00fclerklasse in der\u00a0Disziplin Luftgewehr im\u00a0Vorkampf auf Vereinsebene zum Finale\u00a0auf Landesebene qualifizieren und um den\u00a0Guschu-Pokal antreten.<br \/>\n<strong>Termin: 22.06.2025 in Hochbr\u00fcck<\/strong><br \/>\nN\u00e4here Informationen:<a href=\"https:\/\/www.bssj.de\/veranstaltungen\/fernwettkaempfe-kugel\/guschu-pokal\"> Guschu-Pokal \u2013 Bayerische Sportsch\u00fctzenjugend<\/a><\/td>\n<\/tr>\n<tr style=\"height: 24px;\">\n<td style=\"width: 50%; height: 24px; border-style: inset;\">&nbsp;<\/p>\n<p>&nbsp;<\/td>\n<td style=\"width: 50%; height: 24px; border-style: inset;\"><strong>Monika-Karsch-Pokal (LP, Jugend)<br \/>\n<\/strong>Bei diesem <strong>Fernwettkampf<\/strong> k\u00f6nnen sich\u00a0Sch\u00fctzen der Sch\u00fclerklasse in der\u00a0Disziplin Luftpistole\u00a0im\u00a0Vorkampf auf Vereinsebene zum Finale\u00a0auf Landesebene qualifizieren und um den\u00a0Monika-Karsch-Pokal antreten.<br \/>\n<strong>Termin: 22.06.2025 in Hochbr\u00fcck<\/strong><br \/>\n<a href=\"https:\/\/www.bssj.de\/veranstaltungen\/fernwettkaempfe-kugel\/monika-karsch-pokal\">Monika-Karsch-Pokal \u2013 Bayerische Sportsch\u00fctzenjugend<\/a><\/td>\n<\/tr>\n<tr style=\"height: 24px;\">\n<td style=\"width: 50%; height: 24px; border-style: inset;\"><\/td>\n<td style=\"width: 50%; height: 24px; border-style: inset;\"><strong>Fernwettkampf Licht (Sch\u00fcler)<\/strong><br \/>\nBei diesem <strong>Fernwettkampf<\/strong> k\u00f6nnen sich\u00a0Sch\u00fctzen der Sch\u00fclerklasse II in den\u00a0Disziplinen Lichtgewehr und Lichtpistole\u00a0im\u00a0Vorkampf auf Vereinsebene zum Finale\u00a0auf Landesebene qualifizieren und um den\u00a0Ansch\u00fctz-Pokal antreten.<br \/>\n<strong>Termin: 27.07.2025 in Hochbr\u00fcck<br \/>\n<a href=\"https:\/\/www.bssj.de\/veranstaltungen\/fernwettkampf-licht\">Fernwettkampf Licht \u2013 Bayerische Sportsch\u00fctzenjugend<\/a><\/strong><\/td>\n<\/tr>\n<tr style=\"height: 24px;\">\n<td style=\"width: 50%; height: 24px; border-style: inset;\"><\/td>\n<td style=\"width: 50%; height: 24px; border-style: inset;\"><strong>Guschu Open (Jugend)<\/strong><br \/>\nDie Guschu Open ist die gr\u00f6\u00dfte Breitensportveranstaltung der BSSJ. Alle Jungsch\u00fctzen im BSSB k\u00f6nnen sich in ihrer Klasse und Disziplin anmelden und um die Medaillen und begehrten Guschu-Scheiben antreten. Ein tolles Rahmenprogramm\u00a0und die Campingm\u00f6glichkeit \u00fcber das ganze Wochenende machen die Guschu Open zu einem tollen Erlebnis f\u00fcr Sch\u00fctzen und Betreuer.<br \/>\n<strong>Termin: 26.07.2025 in Hochbr\u00fcck<\/strong><br \/>\n<a href=\"https:\/\/www.bssj.de\/veranstaltungen\/guschu-open\">Guschu Open \u2013 Bayerische Sportsch\u00fctzenjugend<\/a><\/td>\n<\/tr>\n<tr style=\"height: 24px;\">\n<td style=\"width: 50%; height: 24px; border-style: inset;\"><\/td>\n<td style=\"width: 50%; height: 24px; border-style: inset;\"><strong>Multi-Youngsters-Cup (Jugend)<\/strong><br \/>\nDer Multi-Youngsters-Cup ist ein Supersprint-Wettbewerb f\u00fcr Jungsch\u00fctzen im BSSB bestehend aus Schie\u00dfen und Laufen. Der Wettkampf ist\u00a0Teil des Breitensportwochenendes der Guschu Open.<br \/>\n<strong>Termin: 27.07.2025 in Hochbr\u00fcck<\/strong><br \/>\n<a href=\"https:\/\/www.bssj.de\/veranstaltungen\/multi-youngsters-cup\">Multi-Youngsters-Cup \u2013 Bayerische Sportsch\u00fctzenjugend<\/a><\/td>\n<\/tr>\n<tr style=\"height: 24px;\">\n<td style=\"width: 50%; height: 24px; border-style: inset;\"><\/td>\n<td style=\"width: 50%; height: 24px; border-style: inset;\"><strong>RWS Shooty-Cup (Sch\u00fcler)<\/strong><br \/>\nDer RWS Shooty-Cup\u00a0ist ein Wettkampf unter BSSB-Vereinsmannschaften bestehend aus je 2 Sch\u00fctzen der Sch\u00fclerklasse. \u00dcber die Vork\u00e4mpfe qualifizieren sich die acht Bezirkssieger\u00a0f\u00fcr den Landesentscheid. Die Landessieger nehmen am Bundesfinale im Rahmen der Deutschen Meisterschaft teil.<br \/>\n<strong>Termin: 06.07.2025 in Hochbr\u00fcck<br \/>\n<a href=\"https:\/\/www.bssj.de\/veranstaltungen\/rws-shooty-cup\">RWS Shooty-Cup \u2013 Bayerische Sportsch\u00fctzenjugend<\/a><\/strong><\/td>\n<\/tr>\n<tr style=\"height: 24px;\">\n<td style=\"width: 50%; height: 24px; border-style: inset;\"><\/td>\n<td style=\"width: 50%; height: 24px; border-style: inset;\"><strong>Norddeutschland Cup (Sch\u00fcler)<\/strong><br \/>\nJ\u00e4hrlich wechselnd richtet ein Landesverband des DSB eine bundesweite Meisterschaft im Lichtschie\u00dfen f\u00fcr die Jahrg\u00e4nge 2013 bis 2018 als Einzel- und Mannschaftswertung aus &#8211; den Norddeutschland Cup. Die BSSJ will auch dieses Jahr wieder teilnehmen.<br \/>\n<strong>Termin: 13.09.2025 in der Comenius-Gesamtschule, Weberstr. 92, 41464 Neuss-Reuschenberg<\/strong><br \/>\n<a href=\"https:\/\/www.bssj.de\/veranstaltungen\/bssj-beim-norddeutschland-cup\">BSSJ beim Norddeutschland Cup \u2013 Bayerische Sportsch\u00fctzenjugend<\/a><\/td>\n<\/tr>\n<tr style=\"height: 24px;\">\n<td style=\"width: 50%; height: 24px; border-style: inset;\"><\/td>\n<td style=\"width: 50%; height: 24px; border-style: inset;\"><\/td>\n<\/tr>\n<\/tbody>\n<\/table>\n<p style=\"text-align: center;\">\n","protected":false},"excerpt":{"rendered":"<p>Weitere Turniere und Wettk\u00e4mpfe Auf dieser Seite werden Turniere und Wettk\u00e4mpfe ver\u00f6ffentlicht, die von den verschiedenen Vereinen in unserem Gau und au\u00dferhalb unseres Gaus veranstaltet werden (z. B. 100-Schu\u00df-Turniere, Wettk\u00e4mpfe und Turniere vom BSSB etc.). Wenn jemand von so einem Schie\u00dfen Kenntnis hat, bitten wir um Mitteilung an Frau Barbara Bodenbach per Mail (2gjl@gau-fuerstenfeldbruck.de) mit [&hellip;]<\/p>\n","protected":false},"author":1,"featured_media":0,"parent":0,"menu_order":130,"comment_status":"closed","ping_status":"closed","template":"","meta":[],"_links":{"self":[{"href":"https:\/\/www.gau-fuerstenfeldbruck.de\/index.php?rest_route=\/wp\/v2\/pages\/118"}],"collection":[{"href":"https:\/\/www.gau-fuerstenfeldbruck.de\/index.php?rest_route=\/wp\/v2\/pages"}],"about":[{"href":"https:\/\/www.gau-fuerstenfeldbruck.de\/index.php?rest_route=\/wp\/v2\/types\/page"}],"author":[{"embeddable":true,"href":"https:\/\/www.gau-fuerstenfeldbruck.de\/index.php?rest_route=\/wp\/v2\/users\/1"}],"replies":[{"embeddable":true,"href":"https:\/\/www.gau-fuerstenfeldbruck.de\/index.php?rest_route=%2Fwp%2Fv2%2Fcomments&post=118"}],"version-history":[{"count":34,"href":"https:\/\/www.gau-fuerstenfeldbruck.de\/index.php?rest_route=\/wp\/v2\/pages\/118\/revisions"}],"predecessor-version":[{"id":8136,"href":"https:\/\/www.gau-fuerstenfeldbruck.de\/index.php?rest_route=\/wp\/v2\/pages\/118\/revisions\/8136"}],"wp:attachment":[{"href":"https:\/\/www.gau-fuerstenfeldbruck.de\/index.php?rest_route=%2Fwp%2Fv2%2Fmedia&parent=118"}],"curies":[{"name":"wp","href":"https:\/\/api.w.org\/{rel}","templated":true}]}}